{"id":5,"date":"2017-05-25T15:16:39","date_gmt":"2017-05-25T13:16:39","guid":{"rendered":"https:\/\/wanderhuette-waltersdorf.de\/?page_id=5"},"modified":"2022-05-30T13:07:36","modified_gmt":"2022-05-30T11:07:36","slug":"willkommen","status":"publish","type":"page","link":"https:\/\/wanderhuette-waltersdorf.de\/fr\/","title":{"rendered":"bienvenue"},"content":{"rendered":"<p><span class=\"letter0\">Messieursdames<\/span><\/p>\n<p>merci pour votre int\u00ear\u00e8t de louer un de nos h\u00e9bergements.<br \/>\nSur les \u201e links \u201e vous recevrez encore d`autres informations sur notre belle r\u00e9gion. Nous offrons des h\u00e9bergements suivants:<\/p>\n<p><strong>G\u00eete de vacances \u201e Wanderh\u00fctte\u201c<\/strong><\/p>\n<ul>\n<li>C`est toute une maison pour une grande famille\u00a0 ou un groupe<\/li>\n<li>Il y a 7 lits et 2 chambres (5 \/ 2)<\/li>\n<li>On peut dormir aussi dans le foin, mais il faut apporter un sac de couchage<\/li>\n<li>Il y a une cuisine compl\u00e8te, un salon de chemin\u00e9e avec la t\u00e9l\u00e9, deux douches, des WC, une machine \u00e0 laver etc.<\/li>\n<li>jusqu`\u00e0 3 nuits\u00a0 c\u00b4est n\u00e9cessaire d`apporter un sac de couchage pour dormir Toute la maison co\u00fbte 95 \u20ac \/ nuit plus les co\u00fbts de l`\u00e9lectricit\u00e9 et<br \/>\nde l`eau<\/li>\n<\/ul>\n<ul>\n<li><em>pour plus de 3 nuits la literie est comprise dans le prix de 77 \u20ac \/ nuit plus les co\u00fbts pour l`\u00e9lectricit\u00e9 et de l\u00b4eau<\/em><strong>G\u00eete<\/strong><\/li>\n<li>C\u00b4est toute une g\u00eete pour 4 personnes<\/li>\n<li>Il ya 4 lits, deux chambres (\u00a0 lits jumeaux, deux lits d`\u00e9tages )<\/li>\n<li>une cuisine avec t\u00e9l\u00e9, four, frigo etc. , douche\/WC<\/li>\n<li>une\u00a0 deuxi\u00e8me entr\u00e9e par la terrasse de toit<\/li>\n<li>de 4 nuits 14 \u20ac\/ personne, tout est compris<strong>deux chambres \u00e0 deux lits<\/strong><\/li>\n<li>\u00a0lits jumeaux, t\u00e9l\u00e9, douche\/WC,<\/li>\n<li>une deuxi\u00e8me entr\u00e9e par la terrasse de toit<\/li>\n<li>de 4 nuits 15\u20ac \/ personne<\/li>\n<li>le petit d\u00e9jeuner\u00a0 (allemand)\u00a0 pour 5 \u20ac \/ personne<\/li>\n<\/ul>\n<p><a href=\"https:\/\/wanderhuette-waltersdorf.de\/ferienhaus\/\">Ferienhaus<\/a><img loading=\"lazy\" decoding=\"async\" src=\"http:\/\/www.wanderhuette-waltersdorf.de\/images\/trans.gif\" alt=\"trans\" width=\"10\" height=\"1\" \/><a href=\"https:\/\/wanderhuette-waltersdorf.de\/grosse-ferienwohnung\/\">Ferienwohnung<\/a><img loading=\"lazy\" decoding=\"async\" src=\"http:\/\/www.wanderhuette-waltersdorf.de\/images\/trans.gif\" alt=\"trans\" width=\"10\" height=\"1\" \/><a href=\"https:\/\/wanderhuette-waltersdorf.de\/doppelzimmer\/\">Doppelzimmer<\/a><\/p>\n<hr \/>\n<p>Dans notre jardin il y a la pssibilit\u00e9 de faire du feu ouvert, de barbecue et beaucoup de place pour les voitures etc.<br \/>\nTous les h\u00e9bergements sont pour les non-fumeurs et ils ont du chauffage.<br \/>\nOn peut les louer pendant toute l`ann\u00e9e.<br \/>\nLaissez votre voiture se reposer, les chemins de randonn\u00e9es commencent devant la porte. Nous vous donneront bien des renseignements concernant les routes ou chemins ou de l`escalade sur les rochers en gr\u00e8s.<br \/>\nNous vous enverrons bien notre prospectus.<br \/>\nNormalement vous pouvez s`installer dans notre h\u00e9gergement apr\u00e8s 15 h,<br \/>\nle d\u00e9part est \u00e0 peu pr\u00e8s \u00e0 10 h.<br \/>\nLe paiement, nous vous le prions de payer au comptant le jour d`arriv\u00e9e.<\/p>\n<p><strong>Bon voyage et de bonnes vacances chez nous en Suisse Saxonne.<\/strong><\/p>\n<p>La Famille Walther-Wagner<\/p>\n","protected":false},"excerpt":{"rendered":"<p>Messieursdames merci pour votre int\u00ear\u00e8t de louer un de nos h\u00e9bergements. Sur les \u201e links \u201e vous recevrez encore d`autres informations sur notre belle r\u00e9gion. Nous offrons des h\u00e9bergements suivants: G\u00eete de vacances \u201e Wanderh\u00fctte\u201c C`est toute une maison pour une grande famille\u00a0 ou un groupe Il y a 7 lits et 2 chambres (5 <a class=\"more-link\" href=\"https:\/\/wanderhuette-waltersdorf.de\/fr\/\">weiterlesen&#8230;<\/a><\/p>\n","protected":false},"author":1,"featured_media":0,"parent":0,"menu_order":0,"comment_status":"closed","ping_status":"closed","template":"","meta":{"footnotes":""},"class_list":["post-5","page","type-page","status-publish","hentry"],"translation":{"provider":"WPGlobus","version":"3.0.2","language":"fr","enabled_languages":["de","en","fr","cz"],"languages":{"de":{"title":true,"content":true,"excerpt":false},"en":{"title":true,"content":true,"excerpt":false},"fr":{"title":true,"content":true,"excerpt":false},"cz":{"title":true,"content":true,"excerpt":false}}},"_links":{"self":[{"href":"https:\/\/wanderhuette-waltersdorf.de\/fr\/wp-json\/wp\/v2\/pages\/5","targetHints":{"allow":["GET"]}}],"collection":[{"href":"https:\/\/wanderhuette-waltersdorf.de\/fr\/wp-json\/wp\/v2\/pages"}],"about":[{"href":"https:\/\/wanderhuette-waltersdorf.de\/fr\/wp-json\/wp\/v2\/types\/page"}],"author":[{"embeddable":true,"href":"https:\/\/wanderhuette-waltersdorf.de\/fr\/wp-json\/wp\/v2\/users\/1"}],"replies":[{"embeddable":true,"href":"https:\/\/wanderhuette-waltersdorf.de\/fr\/wp-json\/wp\/v2\/comments?post=5"}],"version-history":[{"count":22,"href":"https:\/\/wanderhuette-waltersdorf.de\/fr\/wp-json\/wp\/v2\/pages\/5\/revisions"}],"predecessor-version":[{"id":22942,"href":"https:\/\/wanderhuette-waltersdorf.de\/fr\/wp-json\/wp\/v2\/pages\/5\/revisions\/22942"}],"wp:attachment":[{"href":"https:\/\/wanderhuette-waltersdorf.de\/fr\/wp-json\/wp\/v2\/media?parent=5"}],"curies":[{"name":"wp","href":"https:\/\/api.w.org\/{rel}","templated":true}]}}