{"id":23,"date":"2017-05-25T15:30:46","date_gmt":"2017-05-25T13:30:46","guid":{"rendered":"https:\/\/wanderhuette-waltersdorf.de\/?page_id=23"},"modified":"2022-09-15T11:22:55","modified_gmt":"2022-09-15T09:22:55","slug":"grosse-ferienwohnung","status":"publish","type":"page","link":"https:\/\/wanderhuette-waltersdorf.de\/fr\/grosse-ferienwohnung\/","title":{"rendered":"Gro\u00dfe Ferienwohnung"},"content":{"rendered":"<p><strong>ca. 140 m\u00b2 f\u00fcr 8 Personen \u00fcber 2 Ebenen mit Fr\u00fchst\u00fccks- und Partyraum in historischem Stall-Gew\u00f6lbe <\/strong><\/p>\n<p>besonders geeignet in den Schulferien f\u00fcr Familien und Gruppen<\/p>\n<p>Die gro\u00dfe Ferienwohnung setzt sich aus den Mieteinheiten<\/p>\n<ul>\n<li><a href=\"https:\/\/wanderhuette-waltersdorf.de\/kleine-ferienwohnung\/\">kleine Ferienwohnung<\/a> mit 2 Schlafzimmern (ein Doppelbett, ein Etagenbett), kleiner Wohnk\u00fcche und Bad<\/li>\n<li>zwei <a href=\"https:\/\/wanderhuette-waltersdorf.de\/doppelzimmer\/\">Doppelzimmern<\/a>, jeweils mit Bad (alle B\u00e4der DC\/WC\/WB)<\/li>\n<\/ul>\n<p>zusammen.<\/p>\n\n\t\t<style type=\"text\/css\">\n\t\t\t#gallery-1 {\n\t\t\t\tmargin: auto;\n\t\t\t}\n\t\t\t#gallery-1 .gallery-item {\n\t\t\t\tfloat: left;\n\t\t\t\tmargin-top: 10px;\n\t\t\t\ttext-align: center;\n\t\t\t\twidth: 25%;\n\t\t\t}\n\t\t\t#gallery-1 img {\n\t\t\t\tborder: 2px solid #cfcfcf;\n\t\t\t}\n\t\t\t#gallery-1 .gallery-caption {\n\t\t\t\tmargin-left: 0;\n\t\t\t}\n\t\t\t\/* see gallery_shortcode() in wp-includes\/media.php *\/\n\t\t<\/style>\n\t\t<div id='gallery-1' class='gallery galleryid-23 gallery-columns-4 gallery-size-thumbnail'><dl class='gallery-item'>\n\t\t\t<dt class='gallery-icon landscape'>\n\t\t\t\t<a href='https:\/\/wanderhuette-waltersdorf.de\/wp-content\/uploads\/2017\/07\/Ferienwohnung-Grundriss-1.-Etage.jpg'><img loading=\"lazy\" decoding=\"async\" width=\"150\" height=\"150\" src=\"https:\/\/wanderhuette-waltersdorf.de\/wp-content\/uploads\/2017\/07\/Ferienwohnung-Grundriss-1.-Etage-150x150.jpg\" class=\"attachment-thumbnail size-thumbnail\" alt=\"Grundriss 1. Etage\" aria-describedby=\"gallery-1-248\" srcset=\"https:\/\/wanderhuette-waltersdorf.de\/wp-content\/uploads\/2017\/07\/Ferienwohnung-Grundriss-1.-Etage-150x150.jpg 150w, https:\/\/wanderhuette-waltersdorf.de\/wp-content\/uploads\/2017\/07\/Ferienwohnung-Grundriss-1.-Etage-200x200.jpg 200w\" sizes=\"auto, (max-width: 150px) 100vw, 150px\" \/><\/a>\n\t\t\t<\/dt>\n\t\t\t\t<dd class='wp-caption-text gallery-caption' id='gallery-1-248'>\n\t\t\t\tGrundriss 1. Etage\n\t\t\t\t<\/dd><\/dl><dl class='gallery-item'>\n\t\t\t<dt class='gallery-icon landscape'>\n\t\t\t\t<a href='https:\/\/wanderhuette-waltersdorf.de\/wp-content\/uploads\/2017\/07\/Ferienwohnung-Grundriss-Erdgeschoss.jpg'><img loading=\"lazy\" decoding=\"async\" width=\"150\" height=\"150\" src=\"https:\/\/wanderhuette-waltersdorf.de\/wp-content\/uploads\/2017\/07\/Ferienwohnung-Grundriss-Erdgeschoss-150x150.jpg\" class=\"attachment-thumbnail size-thumbnail\" alt=\"Grundriss Erdgeschoss\" aria-describedby=\"gallery-1-249\" srcset=\"https:\/\/wanderhuette-waltersdorf.de\/wp-content\/uploads\/2017\/07\/Ferienwohnung-Grundriss-Erdgeschoss-150x150.jpg 150w, https:\/\/wanderhuette-waltersdorf.de\/wp-content\/uploads\/2017\/07\/Ferienwohnung-Grundriss-Erdgeschoss-200x200.jpg 200w\" sizes=\"auto, (max-width: 150px) 100vw, 150px\" \/><\/a>\n\t\t\t<\/dt>\n\t\t\t\t<dd class='wp-caption-text gallery-caption' id='gallery-1-249'>\n\t\t\t\tGrundriss Erdgeschoss\n\t\t\t\t<\/dd><\/dl><dl class='gallery-item'>\n\t\t\t<dt class='gallery-icon portrait'>\n\t\t\t\t<a href='https:\/\/wanderhuette-waltersdorf.de\/wp-content\/uploads\/2017\/05\/ausblick2.jpg'><img loading=\"lazy\" decoding=\"async\" width=\"150\" height=\"150\" src=\"https:\/\/wanderhuette-waltersdorf.de\/wp-content\/uploads\/2017\/05\/ausblick2-150x150.jpg\" class=\"attachment-thumbnail size-thumbnail\" alt=\"Terasse mit Ausblick in die Rathener Felsenwelt\" aria-describedby=\"gallery-1-128\" srcset=\"https:\/\/wanderhuette-waltersdorf.de\/wp-content\/uploads\/2017\/05\/ausblick2-150x150.jpg 150w, https:\/\/wanderhuette-waltersdorf.de\/wp-content\/uploads\/2017\/05\/ausblick2-200x200.jpg 200w\" sizes=\"auto, (max-width: 150px) 100vw, 150px\" \/><\/a>\n\t\t\t<\/dt>\n\t\t\t\t<dd class='wp-caption-text gallery-caption' id='gallery-1-128'>\n\t\t\t\tTerasse mit Ausblick \nin die Rathener Felsenwelt\n\t\t\t\t<\/dd><\/dl><dl class='gallery-item'>\n\t\t\t<dt class='gallery-icon landscape'>\n\t\t\t\t<a href='https:\/\/wanderhuette-waltersdorf.de\/wp-content\/uploads\/2017\/07\/Ferienwohnung-K\u00fcche-1.-Etage.jpg'><img loading=\"lazy\" decoding=\"async\" width=\"150\" height=\"150\" src=\"https:\/\/wanderhuette-waltersdorf.de\/wp-content\/uploads\/2017\/07\/Ferienwohnung-K\u00fcche-1.-Etage-150x150.jpg\" class=\"attachment-thumbnail size-thumbnail\" alt=\"K\u00fcche im 1. Obergeschoss\" aria-describedby=\"gallery-1-250\" srcset=\"https:\/\/wanderhuette-waltersdorf.de\/wp-content\/uploads\/2017\/07\/Ferienwohnung-K\u00fcche-1.-Etage-150x150.jpg 150w, https:\/\/wanderhuette-waltersdorf.de\/wp-content\/uploads\/2017\/07\/Ferienwohnung-K\u00fcche-1.-Etage-200x200.jpg 200w\" sizes=\"auto, (max-width: 150px) 100vw, 150px\" \/><\/a>\n\t\t\t<\/dt>\n\t\t\t\t<dd class='wp-caption-text gallery-caption' id='gallery-1-250'>\n\t\t\t\tK\u00fcche im 1. Obergeschoss\n\t\t\t\t<\/dd><\/dl><br style=\"clear: both\" \/><dl class='gallery-item'>\n\t\t\t<dt class='gallery-icon portrait'>\n\t\t\t\t<a href='https:\/\/wanderhuette-waltersdorf.de\/wp-content\/uploads\/2017\/07\/Ferienwohnung-Sanit\u00e4r-2.jpg'><img loading=\"lazy\" decoding=\"async\" width=\"150\" height=\"150\" src=\"https:\/\/wanderhuette-waltersdorf.de\/wp-content\/uploads\/2017\/07\/Ferienwohnung-Sanit\u00e4r-2-150x150.jpg\" class=\"attachment-thumbnail size-thumbnail\" alt=\"Sanit\u00e4rbereiche DU\/WC\/WB\" aria-describedby=\"gallery-1-251\" srcset=\"https:\/\/wanderhuette-waltersdorf.de\/wp-content\/uploads\/2017\/07\/Ferienwohnung-Sanit\u00e4r-2-150x150.jpg 150w, https:\/\/wanderhuette-waltersdorf.de\/wp-content\/uploads\/2017\/07\/Ferienwohnung-Sanit\u00e4r-2-200x200.jpg 200w\" sizes=\"auto, (max-width: 150px) 100vw, 150px\" \/><\/a>\n\t\t\t<\/dt>\n\t\t\t\t<dd class='wp-caption-text gallery-caption' id='gallery-1-251'>\n\t\t\t\tSanit\u00e4rbereich DU\/WC\/WB \n\t\t\t\t<\/dd><\/dl><dl class='gallery-item'>\n\t\t\t<dt class='gallery-icon portrait'>\n\t\t\t\t<a href='https:\/\/wanderhuette-waltersdorf.de\/wp-content\/uploads\/2017\/07\/Ferienwohnung-Schlafzimmer-2.jpg'><img loading=\"lazy\" decoding=\"async\" width=\"150\" height=\"150\" src=\"https:\/\/wanderhuette-waltersdorf.de\/wp-content\/uploads\/2017\/07\/Ferienwohnung-Schlafzimmer-2-150x150.jpg\" class=\"attachment-thumbnail size-thumbnail\" alt=\"Schlafzimmer 3 mit Etagenbett\" aria-describedby=\"gallery-1-253\" srcset=\"https:\/\/wanderhuette-waltersdorf.de\/wp-content\/uploads\/2017\/07\/Ferienwohnung-Schlafzimmer-2-150x150.jpg 150w, https:\/\/wanderhuette-waltersdorf.de\/wp-content\/uploads\/2017\/07\/Ferienwohnung-Schlafzimmer-2-200x200.jpg 200w\" sizes=\"auto, (max-width: 150px) 100vw, 150px\" \/><\/a>\n\t\t\t<\/dt>\n\t\t\t\t<dd class='wp-caption-text gallery-caption' id='gallery-1-253'>\n\t\t\t\tSchlafzimmer 3 mit Etagenbett\n\t\t\t\t<\/dd><\/dl><dl class='gallery-item'>\n\t\t\t<dt class='gallery-icon portrait'>\n\t\t\t\t<a href='https:\/\/wanderhuette-waltersdorf.de\/wp-content\/uploads\/2017\/07\/Ferienwohnung-Schlafzimmer-1.jpg'><img loading=\"lazy\" decoding=\"async\" width=\"150\" height=\"150\" src=\"https:\/\/wanderhuette-waltersdorf.de\/wp-content\/uploads\/2017\/07\/Ferienwohnung-Schlafzimmer-1-150x150.jpg\" class=\"attachment-thumbnail size-thumbnail\" alt=\"Schlafzimmer 4 mit Sanit\u00e4rbereich\" aria-describedby=\"gallery-1-252\" srcset=\"https:\/\/wanderhuette-waltersdorf.de\/wp-content\/uploads\/2017\/07\/Ferienwohnung-Schlafzimmer-1-150x150.jpg 150w, https:\/\/wanderhuette-waltersdorf.de\/wp-content\/uploads\/2017\/07\/Ferienwohnung-Schlafzimmer-1-200x200.jpg 200w\" sizes=\"auto, (max-width: 150px) 100vw, 150px\" \/><\/a>\n\t\t\t<\/dt>\n\t\t\t\t<dd class='wp-caption-text gallery-caption' id='gallery-1-252'>\n\t\t\t\tSchlafzimmer 4 mit Sanit\u00e4rbereich\n\t\t\t\t<\/dd><\/dl><dl class='gallery-item'>\n\t\t\t<dt class='gallery-icon portrait'>\n\t\t\t\t<a href='https:\/\/wanderhuette-waltersdorf.de\/wp-content\/uploads\/2017\/07\/Herz\u00b4lzimmer-2.jpg'><img loading=\"lazy\" decoding=\"async\" width=\"150\" height=\"150\" src=\"https:\/\/wanderhuette-waltersdorf.de\/wp-content\/uploads\/2017\/07\/Herz\u00b4lzimmer-2-150x150.jpg\" class=\"attachment-thumbnail size-thumbnail\" alt=\"Herz\u00b4lzimmer\" aria-describedby=\"gallery-1-268\" srcset=\"https:\/\/wanderhuette-waltersdorf.de\/wp-content\/uploads\/2017\/07\/Herz\u00b4lzimmer-2-150x150.jpg 150w, https:\/\/wanderhuette-waltersdorf.de\/wp-content\/uploads\/2017\/07\/Herz\u00b4lzimmer-2-200x200.jpg 200w\" sizes=\"auto, (max-width: 150px) 100vw, 150px\" \/><\/a>\n\t\t\t<\/dt>\n\t\t\t\t<dd class='wp-caption-text gallery-caption' id='gallery-1-268'>\n\t\t\t\tHerz\u00b4lzimmer\n\t\t\t\t<\/dd><\/dl><br style=\"clear: both\" \/><dl class='gallery-item'>\n\t\t\t<dt class='gallery-icon portrait'>\n\t\t\t\t<a href='https:\/\/wanderhuette-waltersdorf.de\/wp-content\/uploads\/2017\/07\/Himmelbettzimmer-2.jpg'><img loading=\"lazy\" decoding=\"async\" width=\"150\" height=\"150\" src=\"https:\/\/wanderhuette-waltersdorf.de\/wp-content\/uploads\/2017\/07\/Himmelbettzimmer-2-150x150.jpg\" class=\"attachment-thumbnail size-thumbnail\" alt=\"Himmelbettzimmer\" aria-describedby=\"gallery-1-271\" srcset=\"https:\/\/wanderhuette-waltersdorf.de\/wp-content\/uploads\/2017\/07\/Himmelbettzimmer-2-150x150.jpg 150w, https:\/\/wanderhuette-waltersdorf.de\/wp-content\/uploads\/2017\/07\/Himmelbettzimmer-2-200x200.jpg 200w\" sizes=\"auto, (max-width: 150px) 100vw, 150px\" \/><\/a>\n\t\t\t<\/dt>\n\t\t\t\t<dd class='wp-caption-text gallery-caption' id='gallery-1-271'>\n\t\t\t\tHimmelbettzimmer\n\t\t\t\t<\/dd><\/dl><dl class='gallery-item'>\n\t\t\t<dt class='gallery-icon landscape'>\n\t\t\t\t<a href='https:\/\/wanderhuette-waltersdorf.de\/wp-content\/uploads\/2017\/07\/Partyraum-1.jpg'><img loading=\"lazy\" decoding=\"async\" width=\"150\" height=\"150\" src=\"https:\/\/wanderhuette-waltersdorf.de\/wp-content\/uploads\/2017\/07\/Partyraum-1-150x150.jpg\" class=\"attachment-thumbnail size-thumbnail\" alt=\"Partyraum mit K\u00fcche\" aria-describedby=\"gallery-1-282\" srcset=\"https:\/\/wanderhuette-waltersdorf.de\/wp-content\/uploads\/2017\/07\/Partyraum-1-150x150.jpg 150w, https:\/\/wanderhuette-waltersdorf.de\/wp-content\/uploads\/2017\/07\/Partyraum-1-200x200.jpg 200w\" sizes=\"auto, (max-width: 150px) 100vw, 150px\" \/><\/a>\n\t\t\t<\/dt>\n\t\t\t\t<dd class='wp-caption-text gallery-caption' id='gallery-1-282'>\n\t\t\t\tPartyraum mit K\u00fcche\n\t\t\t\t<\/dd><\/dl>\n\t\t\t<br style='clear: both' \/>\n\t\t<\/div>\n\n<hr \/>\n<h3>Kosten f\u00fcr \u00dcbernachtung:<\/h3>\n<p>Der <strong>Wochenmietpreis<\/strong> f\u00fcr diese Mieteinheit betr\u00e4gt 1120,- \u20ac (inkl. MwSt.)<br \/>\n(bis 8 Personen, 7 N\u00e4chte)<\/p>\n<p>Bettw\u00e4sche, Handt\u00fccher und Endreinigung sind inklusive.<br \/>\nDie Gemeinde erhebt Kurtaxe. Diese Kosten kommen dazu.<\/p>\n<p>Bei Unterbelegung oder wenn Sie einen k\u00fcrzeren Aufenthalt planen, erstellen wir Ihnen ein individuelles Angebot.<br \/>\n<a href=\"https:\/\/wanderhuette-waltersdorf.de\/kontakt\/\">Fragen Sie uns <\/a>einfach!<\/p>\n<hr \/>\n<h3>Verf\u00fcgbarkeit gro\u00dfe Ferienwohnung:<\/h3>\n<p>Bitte beachten Sie, dass die im Buchungsformular errechneten Preise keine Relevanz haben. Aktuell l\u00e4sst sich die Preisansicht aus technischen Gr\u00fcnden nicht abschalten.<\/p>\n\n\t\t\t\t<div class=\"abc-singlecalendar\" data-checkin-6a021ae490458=\"0\" data-offset-6a021ae490458=\"0\" data-month-6a021ae490458=\"0\" id=\"abc_singlecalendar_6a021ae490458\">\n\t\t\t\t\t<div class=\"abc-box abc-single-row\">\n\t\t\t\t\t\t<div data-calendar=\"3\" data-id=\"6a021ae490458\" class=\"abc-box abc-button abc-single-button-left\">\n\t\t\t\t\t\t\t<button class=\"fa fa-chevron-left abc-button-rl\"><\/button>\n\t\t\t\t\t\t<\/div>\n\t\t\t\t\t\t<div class=\"abc-box abc-month\">\n\t\t\t\t\t\t\t<img decoding=\"async\" alt=\"\u00c7a charge...\" src=\"https:\/\/wanderhuette-waltersdorf.de\/wp-admin\/images\/wpspin_light.gif\" class=\"waiting\" id=\"abc_single_loading-6a021ae490458\" style=\"display:none\" \/><span id=\"singlecalendar-month-6a021ae490458\">May 2026<\/span><\/div>\n\t\t\t\t\t\t\t<div data-calendar=\"3\" data-id=\"6a021ae490458\" class=\"abc-box abc-button abc-single-button-right\">\n\t\t\t\t\t\t\t\t<button class=\"fa fa-chevron-right abc-button-rl\"><\/button>\n\t\t\t\t\t\t<\/div>\n\t\t\t\t\t<\/div>\n\t\t\t\t\t<div class=\"abc-box abc-single-row\">\n\t\t\t\t\t<div class=\"abc-box abc-col-day abc-dayname\">Lun<\/div>\n\t\t\t\t\t<div class=\"abc-box abc-col-day abc-dayname abc-dotted\">Mar<\/div>\n\t\t\t\t\t<div class=\"abc-box abc-col-day abc-dayname abc-dotted\">Mer<\/div>\n\t\t\t\t\t<div class=\"abc-box abc-col-day abc-dayname abc-dotted\">Jeu<\/div>\n\t\t\t\t\t<div class=\"abc-box abc-col-day abc-dayname abc-dotted\">Ven<\/div>\n\t\t\t\t\t<div class=\"abc-box abc-col-day abc-dayname abc-dotted\">Sam<\/div>\n\t\t\t\t\t<div class=\"abc-box abc-col-day abc-dayname abc-dotted\">Dim<\/div>\n\t\t\t\t\t<\/div>\n\t\t\t\t\t<div id=\"abc-calendar-days-6a021ae490458\">\n\t\t\t\t\t\t<div class=\"abc-box abc-single-row\"><div class=\"abc-box abc-col-day \">&nbsp;<\/div><div class=\"abc-box abc-col-day abc-dotted \">&nbsp;<\/div><div class=\"abc-box abc-col-day abc-dotted \">&nbsp;<\/div><div class=\"abc-box abc-col-day abc-dotted \">&nbsp;<\/div><div title=\"\" data-calendar=\"3\" data-id=\"6a021ae490458\" data-date=\"2026-05-01\" class=\"abc-box abc-col-day abc-dotted abc-past abc-date-item \" id=\"abc-day-6a021ae4904582026-05-01\">1<br \/><span class=\"abc-single-price\"><\/span><\/div><div title=\"\" data-calendar=\"3\" data-id=\"6a021ae490458\" data-date=\"2026-05-02\" class=\"abc-box abc-col-day abc-dotted abc-past abc-date-item \" id=\"abc-day-6a021ae4904582026-05-02\">2<br \/><span class=\"abc-single-price\"><\/span><\/div><div title=\"\" data-calendar=\"3\" data-id=\"6a021ae490458\" data-date=\"2026-05-03\" class=\"abc-box abc-col-day abc-dotted abc-past abc-date-item \" id=\"abc-day-6a021ae4904582026-05-03\">3<br \/><span class=\"abc-single-price\"><\/span><\/div><\/div><div class=\"abc-box abc-single-row\"><div title=\"\" data-calendar=\"3\" data-id=\"6a021ae490458\" data-date=\"2026-05-04\" class=\"abc-box abc-col-day abc-past abc-date-item \" id=\"abc-day-6a021ae4904582026-05-04\">4<br \/><span class=\"abc-single-price\"><\/span><\/div><div title=\"\" data-calendar=\"3\" data-id=\"6a021ae490458\" data-date=\"2026-05-05\" class=\"abc-box abc-col-day abc-dotted abc-past abc-date-item \" id=\"abc-day-6a021ae4904582026-05-05\">5<br \/><span class=\"abc-single-price\"><\/span><\/div><div title=\"\" data-calendar=\"3\" data-id=\"6a021ae490458\" data-date=\"2026-05-06\" class=\"abc-box abc-col-day abc-dotted abc-past abc-date-item \" id=\"abc-day-6a021ae4904582026-05-06\">6<br \/><span class=\"abc-single-price\"><\/span><\/div><div title=\"\" data-calendar=\"3\" data-id=\"6a021ae490458\" data-date=\"2026-05-07\" class=\"abc-box abc-col-day abc-dotted abc-past abc-date-item \" id=\"abc-day-6a021ae4904582026-05-07\">7<br \/><span class=\"abc-single-price\"><\/span><\/div><div title=\"\" data-calendar=\"3\" data-id=\"6a021ae490458\" data-date=\"2026-05-08\" class=\"abc-box abc-col-day abc-dotted abc-past abc-date-item \" id=\"abc-day-6a021ae4904582026-05-08\">8<br \/><span class=\"abc-single-price\"><\/span><\/div><div title=\"\" data-calendar=\"3\" data-id=\"6a021ae490458\" data-date=\"2026-05-09\" class=\"abc-box abc-col-day abc-dotted abc-past abc-date-item \" id=\"abc-day-6a021ae4904582026-05-09\">9<br \/><span class=\"abc-single-price\"><\/span><\/div><div title=\"\" data-calendar=\"3\" data-id=\"6a021ae490458\" data-date=\"2026-05-10\" class=\"abc-box abc-col-day abc-dotted abc-past abc-date-item \" id=\"abc-day-6a021ae4904582026-05-10\">10<br \/><span class=\"abc-single-price\"><\/span><\/div><\/div><div class=\"abc-box abc-single-row\"><div title=\"Disponible:\n11.05.2026: 1 \u20ac\" data-calendar=\"3\" data-id=\"6a021ae490458\" data-date=\"2026-05-11\" class=\"abc-box abc-col-day abc-avail abc-date-selector abc-date-item \" id=\"abc-day-6a021ae4904582026-05-11\">11<br \/><span class=\"abc-single-price\">1 \u20ac<\/span><\/div><div title=\"Disponible:\n12.05.2026: 1 \u20ac\" data-calendar=\"3\" data-id=\"6a021ae490458\" data-date=\"2026-05-12\" class=\"abc-box abc-col-day abc-dotted abc-avail abc-date-selector abc-date-item \" id=\"abc-day-6a021ae4904582026-05-12\">12<br \/><span class=\"abc-single-price\">1 \u20ac<\/span><\/div><div title=\"Disponible:\n13.05.2026: 1 \u20ac\" data-calendar=\"3\" data-id=\"6a021ae490458\" data-date=\"2026-05-13\" class=\"abc-box abc-col-day abc-dotted abc-avail abc-date-selector abc-date-item \" id=\"abc-day-6a021ae4904582026-05-13\">13<br \/><span class=\"abc-single-price\">1 \u20ac<\/span><\/div><div title=\"Date de d\u00e9part\" data-calendar=\"3\" data-id=\"6a021ae490458\" data-date=\"2026-05-14\" class=\"abc-box abc-col-day abc-dotted abc-avail-booked abc-date-selector abc-date-item \" id=\"abc-day-6a021ae4904582026-05-14\">14<br \/><span class=\"abc-single-price\">&nbsp;<\/span><\/div><div title=\"Complet\" data-calendar=\"3\" data-id=\"6a021ae490458\" data-date=\"2026-05-15\" class=\"abc-box abc-col-day abc-dotted abc-booked abc-date-item \" id=\"abc-day-6a021ae4904582026-05-15\">15<br \/><span class=\"abc-single-price\">&nbsp;<\/span><\/div><div title=\"Complet\" data-calendar=\"3\" data-id=\"6a021ae490458\" data-date=\"2026-05-16\" class=\"abc-box abc-col-day abc-dotted abc-booked abc-date-item \" id=\"abc-day-6a021ae4904582026-05-16\">16<br \/><span class=\"abc-single-price\">&nbsp;<\/span><\/div><div title=\"Disponible:\n17.05.2026: 1 \u20ac\" data-calendar=\"3\" data-id=\"6a021ae490458\" data-date=\"2026-05-17\" class=\"abc-box abc-col-day abc-dotted abc-booked-avail abc-date-selector abc-date-item \" id=\"abc-day-6a021ae4904582026-05-17\">17<br \/><span class=\"abc-single-price\">1 \u20ac<\/span><\/div><\/div><div class=\"abc-box abc-single-row\"><div title=\"Disponible:\n18.05.2026: 1 \u20ac\" data-calendar=\"3\" data-id=\"6a021ae490458\" data-date=\"2026-05-18\" class=\"abc-box abc-col-day abc-avail abc-date-selector abc-date-item \" id=\"abc-day-6a021ae4904582026-05-18\">18<br \/><span class=\"abc-single-price\">1 \u20ac<\/span><\/div><div title=\"Disponible:\n19.05.2026: 1 \u20ac\" data-calendar=\"3\" data-id=\"6a021ae490458\" data-date=\"2026-05-19\" class=\"abc-box abc-col-day abc-dotted abc-avail abc-date-selector abc-date-item \" id=\"abc-day-6a021ae4904582026-05-19\">19<br \/><span class=\"abc-single-price\">1 \u20ac<\/span><\/div><div title=\"Disponible:\n20.05.2026: 1 \u20ac\" data-calendar=\"3\" data-id=\"6a021ae490458\" data-date=\"2026-05-20\" class=\"abc-box abc-col-day abc-dotted abc-avail abc-date-selector abc-date-item \" id=\"abc-day-6a021ae4904582026-05-20\">20<br \/><span class=\"abc-single-price\">1 \u20ac<\/span><\/div><div title=\"Disponible:\n21.05.2026: 1 \u20ac\" data-calendar=\"3\" data-id=\"6a021ae490458\" data-date=\"2026-05-21\" class=\"abc-box abc-col-day abc-dotted abc-avail abc-date-selector abc-date-item \" id=\"abc-day-6a021ae4904582026-05-21\">21<br \/><span class=\"abc-single-price\">1 \u20ac<\/span><\/div><div title=\"Disponible:\n22.05.2026: 1 \u20ac\" data-calendar=\"3\" data-id=\"6a021ae490458\" data-date=\"2026-05-22\" class=\"abc-box abc-col-day abc-dotted abc-avail abc-date-selector abc-date-item \" id=\"abc-day-6a021ae4904582026-05-22\">22<br \/><span class=\"abc-single-price\">1 \u20ac<\/span><\/div><div title=\"Disponible:\n23.05.2026: 1 \u20ac\" data-calendar=\"3\" data-id=\"6a021ae490458\" data-date=\"2026-05-23\" class=\"abc-box abc-col-day abc-dotted abc-avail abc-date-selector abc-date-item \" id=\"abc-day-6a021ae4904582026-05-23\">23<br \/><span class=\"abc-single-price\">1 \u20ac<\/span><\/div><div title=\"Date de d\u00e9part\" data-calendar=\"3\" data-id=\"6a021ae490458\" data-date=\"2026-05-24\" class=\"abc-box abc-col-day abc-dotted abc-avail-booked abc-date-selector abc-date-item \" id=\"abc-day-6a021ae4904582026-05-24\">24<br \/><span class=\"abc-single-price\">&nbsp;<\/span><\/div><\/div><div class=\"abc-box abc-single-row\"><div title=\"Complet\" data-calendar=\"3\" data-id=\"6a021ae490458\" data-date=\"2026-05-25\" class=\"abc-box abc-col-day abc-booked abc-date-item \" id=\"abc-day-6a021ae4904582026-05-25\">25<br \/><span class=\"abc-single-price\">&nbsp;<\/span><\/div><div title=\"Complet\" data-calendar=\"3\" data-id=\"6a021ae490458\" data-date=\"2026-05-26\" class=\"abc-box abc-col-day abc-dotted abc-booked abc-date-item \" id=\"abc-day-6a021ae4904582026-05-26\">26<br \/><span class=\"abc-single-price\">&nbsp;<\/span><\/div><div title=\"Complet\" data-calendar=\"3\" data-id=\"6a021ae490458\" data-date=\"2026-05-27\" class=\"abc-box abc-col-day abc-dotted abc-booked abc-date-item \" id=\"abc-day-6a021ae4904582026-05-27\">27<br \/><span class=\"abc-single-price\">&nbsp;<\/span><\/div><div title=\"Complet\" data-calendar=\"3\" data-id=\"6a021ae490458\" data-date=\"2026-05-28\" class=\"abc-box abc-col-day abc-dotted abc-booked abc-date-item \" id=\"abc-day-6a021ae4904582026-05-28\">28<br \/><span class=\"abc-single-price\">&nbsp;<\/span><\/div><div title=\"Complet\" data-calendar=\"3\" data-id=\"6a021ae490458\" data-date=\"2026-05-29\" class=\"abc-box abc-col-day abc-dotted abc-booked abc-date-item \" id=\"abc-day-6a021ae4904582026-05-29\">29<br \/><span class=\"abc-single-price\">&nbsp;<\/span><\/div><div title=\"Complet\" data-calendar=\"3\" data-id=\"6a021ae490458\" data-date=\"2026-05-30\" class=\"abc-box abc-col-day abc-dotted abc-booked abc-date-item \" id=\"abc-day-6a021ae4904582026-05-30\">30<br \/><span class=\"abc-single-price\">&nbsp;<\/span><\/div><div title=\"Disponible:\n31.05.2026: 1 \u20ac\" data-calendar=\"3\" data-id=\"6a021ae490458\" data-date=\"2026-05-31\" class=\"abc-box abc-col-day abc-dotted abc-booked-avail abc-date-selector abc-date-item \" id=\"abc-day-6a021ae4904582026-05-31\">31<br \/><span class=\"abc-single-price\">1 \u20ac<\/span><\/div><\/div>\n\t\t\t\t\t<\/div><div class=\"abc-single-legend\">\n\t\t\t\t\t\t\t\t\t\t\t<span class=\"fa fa-square-o abc-single-legend-available\"><\/span>\n\t\t\t\t\t\t\t\t\t\t\tDisponible<span class=\"fa fa-square abc-single-legend-fully\"><\/span>\n\t\t\t\t\t\t\t\t\t\tComplet\n\t\t\t\t\t\t\t\t\t\t<\/div><div id=\"abc-booking-6a021ae490458\" class=\"abc-booking-selection\">\n\t\t\t\t\t<\/div>\n\t\t\t\t<\/div>\n","protected":false},"excerpt":{"rendered":"<p>ca. 140 m\u00b2 f\u00fcr 8 Personen \u00fcber 2 Ebenen mit Fr\u00fchst\u00fccks- und Partyraum in historischem Stall-Gew\u00f6lbe besonders geeignet in den Schulferien f\u00fcr Familien und Gruppen Die gro\u00dfe Ferienwohnung setzt sich aus den Mieteinheiten kleine Ferienwohnung mit 2 Schlafzimmern (ein Doppelbett, ein Etagenbett), kleiner Wohnk\u00fcche und Bad zwei Doppelzimmern, jeweils mit Bad (alle B\u00e4der DC\/WC\/WB) zusammen. <a class=\"more-link\" href=\"https:\/\/wanderhuette-waltersdorf.de\/fr\/grosse-ferienwohnung\/\">weiterlesen&#8230;<\/a><\/p>\n","protected":false},"author":1,"featured_media":248,"parent":0,"menu_order":0,"comment_status":"closed","ping_status":"closed","template":"","meta":{"footnotes":""},"class_list":["post-23","page","type-page","status-publish","has-post-thumbnail","hentry"],"translation":{"provider":"WPGlobus","version":"3.0.2","language":"fr","enabled_languages":["de","en","fr","cz"],"languages":{"de":{"title":true,"content":true,"excerpt":false},"en":{"title":false,"content":false,"excerpt":false},"fr":{"title":false,"content":false,"excerpt":false},"cz":{"title":false,"content":false,"excerpt":false}}},"_links":{"self":[{"href":"https:\/\/wanderhuette-waltersdorf.de\/fr\/wp-json\/wp\/v2\/pages\/23","targetHints":{"allow":["GET"]}}],"collection":[{"href":"https:\/\/wanderhuette-waltersdorf.de\/fr\/wp-json\/wp\/v2\/pages"}],"about":[{"href":"https:\/\/wanderhuette-waltersdorf.de\/fr\/wp-json\/wp\/v2\/types\/page"}],"author":[{"embeddable":true,"href":"https:\/\/wanderhuette-waltersdorf.de\/fr\/wp-json\/wp\/v2\/users\/1"}],"replies":[{"embeddable":true,"href":"https:\/\/wanderhuette-waltersdorf.de\/fr\/wp-json\/wp\/v2\/comments?post=23"}],"version-history":[{"count":16,"href":"https:\/\/wanderhuette-waltersdorf.de\/fr\/wp-json\/wp\/v2\/pages\/23\/revisions"}],"predecessor-version":[{"id":1253,"href":"https:\/\/wanderhuette-waltersdorf.de\/fr\/wp-json\/wp\/v2\/pages\/23\/revisions\/1253"}],"wp:featuredmedia":[{"embeddable":true,"href":"https:\/\/wanderhuette-waltersdorf.de\/fr\/wp-json\/wp\/v2\/media\/248"}],"wp:attachment":[{"href":"https:\/\/wanderhuette-waltersdorf.de\/fr\/wp-json\/wp\/v2\/media?parent=23"}],"curies":[{"name":"wp","href":"https:\/\/api.w.org\/{rel}","templated":true}]}}