{"id":160,"date":"2017-06-27T21:01:12","date_gmt":"2017-06-27T19:01:12","guid":{"rendered":"https:\/\/wanderhuette-waltersdorf.de\/?page_id=160"},"modified":"2017-08-04T09:30:12","modified_gmt":"2017-08-04T07:30:12","slug":"tschechien-und-boehmen","status":"publish","type":"page","link":"https:\/\/wanderhuette-waltersdorf.de\/fr\/tschechien-und-boehmen\/","title":{"rendered":"Tschechien und B\u00f6hmen"},"content":{"rendered":"<p>Die Nationalparks S\u00e4chsische Schweiz \u2013 B\u00f6hmische Schweiz gehen nahtlos ineinander \u00fcber. Der Elberadweg f\u00fchrt weiter bis nach Decin (Tetschen). Ein gutes Wander- und Radwegenetz f\u00fchrt Sie zu sehenswerten Zielen.<\/p>\n<p>Durch den Wegfall der Grenzkontrollen ist ein ungehinderter \u00dcbertritt der Grenze an den daf\u00fcr freigegebenen Stellen auf der Stra\u00dfe aber auch mit grenz\u00fcberschreitenden Wanderwegen m\u00f6glich.<\/p>\n<p><strong>WICHTIG: <\/strong>Bitte f\u00fchren Sie g\u00fcltige, amtliche Lichtbildausweise f\u00fcr alle mit!<\/p>\n<hr \/>\n<h3>Wandern\/ Klettern<\/h3>\n<p><strong>Prebischtor<\/strong>, das gr\u00f6\u00dfte nat\u00fcrliche, freistehende Felsentor Europas befindet sich unweit der Grenze und ist ein Wahrzeichen der Region.<br \/>\nWie auch viele andere faszinierende Felsgebilde in der S\u00e4chsischen oder b\u00f6hmischen Schweiz befl\u00fcgelt es die Phantasie der Wanderer.<\/p>\n<p>Unweit hinter der ehemaligen Grenze, am Ortsausgang von Hrensko, befindet sich abgelegen die malerische <strong>Edmundsklamm<\/strong>. Die K\u00fchle des Wassers und Waldes ist im Sommer besonders zu empfehlen.<\/p>\n<p>Den Freunden des <strong>Klettersports<\/strong> bietet auch der b\u00f6hmische Teil des Elbsandsteingebirges ein beachtliches Potential. Sehr lohnend sind z.B. die Tissaer W\u00e4nde oder ein Ausflug nach Ostrov.<\/p>\n<hr \/>\n<h3>Nahegelegene St\u00e4dte<\/h3>\n<p>Die goldene Stadt <strong>Prag<\/strong> ist eine Tagesreise wert.<br \/>\nFahren Sie stressfrei mit einem unserer hiesigen Reiseunternehmen.<\/p>\n<p>Nach Decin brauchen Sie per PKW nur ca. eine knappe Stunde.<\/p>\n<h4>Weitere Informationen unter:<\/h4>\n<p><a href=\"http:\/\/www.boehmische-schweiz.de\/\" target=\"_blank\" rel=\"noopener\">www.boehmische-schweiz.de<\/a><\/p>\n<p><a href=\"http:\/\/www.cztour.cz\/de\/kontakt.php\" target=\"_blank\" rel=\"noopener\">www.cztour.cz\/de\/kontakt.php<\/a><\/p>\n","protected":false},"excerpt":{"rendered":"<p>Die Nationalparks S\u00e4chsische Schweiz \u2013 B\u00f6hmische Schweiz gehen nahtlos ineinander \u00fcber. Der Elberadweg f\u00fchrt weiter bis nach Decin (Tetschen). Ein gutes Wander- und Radwegenetz f\u00fchrt Sie zu sehenswerten Zielen. Durch den Wegfall der Grenzkontrollen ist ein ungehinderter \u00dcbertritt der Grenze an den daf\u00fcr freigegebenen Stellen auf der Stra\u00dfe aber auch mit grenz\u00fcberschreitenden Wanderwegen m\u00f6glich. WICHTIG: <a class=\"more-link\" href=\"https:\/\/wanderhuette-waltersdorf.de\/fr\/tschechien-und-boehmen\/\">weiterlesen&#8230;<\/a><\/p>\n","protected":false},"author":1,"featured_media":0,"parent":0,"menu_order":0,"comment_status":"closed","ping_status":"closed","template":"","meta":{"footnotes":""},"class_list":["post-160","page","type-page","status-publish","hentry"],"translation":{"provider":"WPGlobus","version":"3.0.2","language":"fr","enabled_languages":["de","en","fr","cz"],"languages":{"de":{"title":true,"content":true,"excerpt":false},"en":{"title":false,"content":false,"excerpt":false},"fr":{"title":false,"content":false,"excerpt":false},"cz":{"title":false,"content":false,"excerpt":false}}},"_links":{"self":[{"href":"https:\/\/wanderhuette-waltersdorf.de\/fr\/wp-json\/wp\/v2\/pages\/160","targetHints":{"allow":["GET"]}}],"collection":[{"href":"https:\/\/wanderhuette-waltersdorf.de\/fr\/wp-json\/wp\/v2\/pages"}],"about":[{"href":"https:\/\/wanderhuette-waltersdorf.de\/fr\/wp-json\/wp\/v2\/types\/page"}],"author":[{"embeddable":true,"href":"https:\/\/wanderhuette-waltersdorf.de\/fr\/wp-json\/wp\/v2\/users\/1"}],"replies":[{"embeddable":true,"href":"https:\/\/wanderhuette-waltersdorf.de\/fr\/wp-json\/wp\/v2\/comments?post=160"}],"version-history":[{"count":3,"href":"https:\/\/wanderhuette-waltersdorf.de\/fr\/wp-json\/wp\/v2\/pages\/160\/revisions"}],"predecessor-version":[{"id":770,"href":"https:\/\/wanderhuette-waltersdorf.de\/fr\/wp-json\/wp\/v2\/pages\/160\/revisions\/770"}],"wp:attachment":[{"href":"https:\/\/wanderhuette-waltersdorf.de\/fr\/wp-json\/wp\/v2\/media?parent=160"}],"curies":[{"name":"wp","href":"https:\/\/api.w.org\/{rel}","templated":true}]}}