{"id":157,"date":"2017-06-27T21:00:46","date_gmt":"2017-06-27T19:00:46","guid":{"rendered":"https:\/\/wanderhuette-waltersdorf.de\/?page_id=157"},"modified":"2017-08-26T21:37:46","modified_gmt":"2017-08-26T19:37:46","slug":"dresden-meissen-pillnitz","status":"publish","type":"page","link":"https:\/\/wanderhuette-waltersdorf.de\/fr\/dresden-meissen-pillnitz\/","title":{"rendered":"Dresden, Mei\u00dfen, Pillnitz"},"content":{"rendered":"<p>Die Residenzstadt Dresden sowie das Umland sind gepr\u00e4gt von barocker Pracht und Macht. Schl\u00f6sser, G\u00e4rten und Kunstsammlungen laden ein dies nachzuempfinden. In der N\u00e4he befinden sich unter anderem:<br \/>\n&#8211; Barockgarten Gro\u00dfsedlitz<br \/>\n&#8211; Schloss Wesenstein<br \/>\n&#8211; Schloss Rammenau<\/p>\n<p>&#8211; Schloss Pillnitz<br \/>\n&#8211; Schloss Moritzburg<\/p>\n<hr \/>\n<h3>Dresden<\/h3>\n<p>Interessant und sehenswert zu jeder Jahreszeit, bei jedem Wetter.<br \/>\nOb Strietzelmarkt im Advent, Museumbesuch bei Regenwetter oder auf dem Elberadweg, 40 km flu\u00dfabw\u00e4rts der Stadt entgegen.<\/p>\n<p>Sandstein aus der S\u00e4chsischen Schweiz pr\u00e4gt das Bild der wieder aufgebauten Altstadt. Die ber\u00fchmte<\/p>\n<div id=\"attachment_255\" style=\"width: 234px\" class=\"wp-caption alignright\"><a href=\"https:\/\/wanderhuette-waltersdorf.de\/wp-content\/uploads\/2017\/07\/Frauenkirche.jpg\"><img loading=\"lazy\" decoding=\"async\" aria-describedby=\"caption-attachment-255\" class=\"wp-image-255 size-medium\" src=\"https:\/\/wanderhuette-waltersdorf.de\/wp-content\/uploads\/2017\/07\/Frauenkirche-224x300.jpg\" alt=\"Frauenkirche Dresden\" width=\"224\" height=\"300\" srcset=\"https:\/\/wanderhuette-waltersdorf.de\/wp-content\/uploads\/2017\/07\/Frauenkirche-224x300.jpg 224w, https:\/\/wanderhuette-waltersdorf.de\/wp-content\/uploads\/2017\/07\/Frauenkirche-768x1026.jpg 768w, https:\/\/wanderhuette-waltersdorf.de\/wp-content\/uploads\/2017\/07\/Frauenkirche-766x1024.jpg 766w, https:\/\/wanderhuette-waltersdorf.de\/wp-content\/uploads\/2017\/07\/Frauenkirche.jpg 1712w\" sizes=\"auto, (max-width: 224px) 100vw, 224px\" \/><\/a><p id=\"caption-attachment-255\" class=\"wp-caption-text\">Frauenkirche Dresden<\/p><\/div>\n<p>Frauenkirche wurde unter Verwendung von Sandsteinresten des urspr\u00fcnglichen Baus sowie mit hellem neuen Elbsandstein wieder errichtet.<\/p>\n<p>Dresdner Schloss, Semperoper, die Br\u00fchlsche Terasse, Elbbr\u00fccken und viele andere Sehensw\u00fcrdigkeiten lohnen einen l\u00e4ngeren Ausflug. Die Bewegung kommt dennoch nicht zu kurz, man kann viele T\u00fcrme auch zu Fu\u00df ersteigen. Ein herrliches Panorama erf\u00fcllt \u00fcberall den Blick, bei guter Sicht sieht man sogar bis zum Lilienstein in unserer N\u00e4he.<\/p>\n<p>Dresden bietet viele Museen, z.B. Gr\u00fcnes Gew\u00f6lbe, Gem\u00e4ldegalerie, Technische Sammlungen, das Stadtmuseum und Hygeniemuseum.<\/p>\n<p>&nbsp;<\/p>\n<p>&nbsp;<\/p>\n<hr \/>\n<h3>Pillnitz<\/h3>\n<p>Das ber\u00fchmte Schlo\u00df direkt an der Elbe mit seinem gepflegten Garten und seinen au\u00dfergew\u00f6hnlichen Pflanzenarten lohnt einen Abstecher elbabw\u00e4rts.<br \/>\nDie von asiatischem Stil gepr\u00e4gten Schloss-Geb\u00e4ude wurden liebevoll rekonstruiert und finden immer wieder Ihre Liebhaber.<br \/>\nIm Fr\u00fchjahr bl\u00fcht im Park einzigartig ein Kamelienbaum, der erst bei w\u00e4rmeren Temperaturen im Freien steht. Sein ca. 10 m hohes Haus wird dann beiseite gefahren.<\/p>\n<hr \/>\n<h3>Mei\u00dfen<\/h3>\n<div id=\"attachment_280\" style=\"width: 310px\" class=\"wp-caption alignright\"><a href=\"https:\/\/wanderhuette-waltersdorf.de\/wp-content\/uploads\/2017\/07\/Mei\u00dfen.jpg\"><img loading=\"lazy\" decoding=\"async\" aria-describedby=\"caption-attachment-280\" class=\"size-medium wp-image-280\" src=\"https:\/\/wanderhuette-waltersdorf.de\/wp-content\/uploads\/2017\/07\/Mei\u00dfen-300x224.jpg\" alt=\"Albrechtsburg in Mei\u00dfen\" width=\"300\" height=\"224\" srcset=\"https:\/\/wanderhuette-waltersdorf.de\/wp-content\/uploads\/2017\/07\/Mei\u00dfen-300x224.jpg 300w, https:\/\/wanderhuette-waltersdorf.de\/wp-content\/uploads\/2017\/07\/Mei\u00dfen-768x575.jpg 768w, https:\/\/wanderhuette-waltersdorf.de\/wp-content\/uploads\/2017\/07\/Mei\u00dfen-1024x766.jpg 1024w\" sizes=\"auto, (max-width: 300px) 100vw, 300px\" \/><\/a><p id=\"caption-attachment-280\" class=\"wp-caption-text\">Albrechtsburg in Mei\u00dfen<\/p><\/div>\n<p>Die S-Bahn pendelt zwischen S\u00e4chischer Schweiz und Mei\u00dfen. Vom Bahnhof kommend,<\/p>\n<p>schlendert man \u00fcber die Br\u00fccke, die majest\u00e4tische Albrechtsburg im Blick. Die schmalen Stra\u00dfen der Altstadt geleiten zum Burgberg mit dem Mei\u00dfner Dom sowie der Albrechtsburg. Dort befand sich fr\u00fcher die ehemalige Manufaktur des ber\u00fchmten Mei\u00dfner Porzellans mit dem Markenzeichen der &#8220;Blauen Schwerter&#8221;.<\/p>\n<p>&nbsp;<\/p>\n<p>&nbsp;<\/p>\n<hr \/>\n<h4>Informationen auch unter:<\/h4>\n<p><a href=\"http:\/\/www.schloesserland-sachsen.de\/\" target=\"_blank\" rel=\"noopener\">www.schloesserland-sachsen.de<\/a><\/p>\n<p><a href=\"http:\/\/www.schloesser-dresden.de\/\" target=\"_blank\" rel=\"noopener\">www.schloesser-dresden.de<\/a><\/p>\n","protected":false},"excerpt":{"rendered":"<p>Die Residenzstadt Dresden sowie das Umland sind gepr\u00e4gt von barocker Pracht und Macht. Schl\u00f6sser, G\u00e4rten und Kunstsammlungen laden ein dies nachzuempfinden. In der N\u00e4he befinden sich unter anderem: &#8211; Barockgarten Gro\u00dfsedlitz &#8211; Schloss Wesenstein &#8211; Schloss Rammenau &#8211; Schloss Pillnitz &#8211; Schloss Moritzburg Dresden Interessant und sehenswert zu jeder Jahreszeit, bei jedem Wetter. Ob Strietzelmarkt <a class=\"more-link\" href=\"https:\/\/wanderhuette-waltersdorf.de\/fr\/dresden-meissen-pillnitz\/\">weiterlesen&#8230;<\/a><\/p>\n","protected":false},"author":1,"featured_media":0,"parent":0,"menu_order":0,"comment_status":"closed","ping_status":"closed","template":"","meta":{"footnotes":""},"class_list":["post-157","page","type-page","status-publish","hentry"],"translation":{"provider":"WPGlobus","version":"3.0.2","language":"fr","enabled_languages":["de","en","fr","cz"],"languages":{"de":{"title":true,"content":true,"excerpt":false},"en":{"title":false,"content":false,"excerpt":false},"fr":{"title":false,"content":false,"excerpt":false},"cz":{"title":false,"content":false,"excerpt":false}}},"_links":{"self":[{"href":"https:\/\/wanderhuette-waltersdorf.de\/fr\/wp-json\/wp\/v2\/pages\/157","targetHints":{"allow":["GET"]}}],"collection":[{"href":"https:\/\/wanderhuette-waltersdorf.de\/fr\/wp-json\/wp\/v2\/pages"}],"about":[{"href":"https:\/\/wanderhuette-waltersdorf.de\/fr\/wp-json\/wp\/v2\/types\/page"}],"author":[{"embeddable":true,"href":"https:\/\/wanderhuette-waltersdorf.de\/fr\/wp-json\/wp\/v2\/users\/1"}],"replies":[{"embeddable":true,"href":"https:\/\/wanderhuette-waltersdorf.de\/fr\/wp-json\/wp\/v2\/comments?post=157"}],"version-history":[{"count":10,"href":"https:\/\/wanderhuette-waltersdorf.de\/fr\/wp-json\/wp\/v2\/pages\/157\/revisions"}],"predecessor-version":[{"id":758,"href":"https:\/\/wanderhuette-waltersdorf.de\/fr\/wp-json\/wp\/v2\/pages\/157\/revisions\/758"}],"wp:attachment":[{"href":"https:\/\/wanderhuette-waltersdorf.de\/fr\/wp-json\/wp\/v2\/media?parent=157"}],"curies":[{"name":"wp","href":"https:\/\/api.w.org\/{rel}","templated":true}]}}