{"id":456,"date":"2017-08-13T14:12:36","date_gmt":"2017-08-13T12:12:36","guid":{"rendered":"https:\/\/wanderhuette-waltersdorf.de\/?page_id=456"},"modified":"2017-09-02T18:55:52","modified_gmt":"2017-09-02T16:55:52","slug":"buchungsanfrage","status":"publish","type":"page","link":"https:\/\/wanderhuette-waltersdorf.de\/en\/buchungsanfrage\/","title":{"rendered":"Buchungsanfrage"},"content":{"rendered":"<p>Sehen Sie sich unsere Unterk\u00fcnfte an und senden Sie uns eine Anfrage, wir erstellen Ihnen gern ein pers\u00f6nliches Angebot.<br \/>\nUnser Angebot: Wenn Sie eine Mieteinheit 14 N\u00e4chte anmieten, m\u00fcssen sie nur 13 bezahlen!<\/p>\n<p>Bitte beachten Sie, dass die im Buchungsformular errechneten Preise keine Relevanz haben. Aktuell l\u00e4sst sich die Preisansicht aus technischen Gr\u00fcnden nicht abschalten.<\/p>\n<!-- Begin Advanced Booking Calendar WordPress plugin: https:\/\/www.booking-calendar-plugin.com -->\n\t\t<div class=\"abc-box abc-calendar-overview\" id=\"abc-calendaroverview-6a0588a51360b\">\n\t\t\t\t<div class=\"abc-calendar-overview\">\n\t\t\t\t<table>\n\t\t\t\t<thead>\n\t\t\t\t\t<tr>\n\t\t\t\t\t\t<th class=\"abcDateSelector\">\n\t\t\t\t\t\t\t<button data-id=\"6a0588a51360b\" data-year=\"2026\" data-month=\"4\" class=\"fa fa-chevron-left abc-button-rl abc-overview-button-left abc-overview-button\"><\/button>\n\t\t\t\t\t\t\t<button data-id=\"6a0588a51360b\" data-year=\"2026\" data-month=\"6\" class=\"fa fa-chevron-right abc-button-rl abc-overview-button-right abc-overview-button\"><\/button>\n\t\t\t\t\t\t\n\t\t\t\t\t\t<div class=\"abcDateForm\">\n\t\t\t\t\t\t\t<select data-id=\"6a0588a51360b\" class=\"abcMonthSelector\" name=\"abcMonth\" size=\"1\"><option value=\"1\">Jan<\/option><option value=\"2\">Feb<\/option><option value=\"3\">Mar<\/option><option value=\"4\">Apr<\/option><option value=\"5\" selected>May<\/option><option value=\"6\">Jun<\/option><option value=\"7\">Jul<\/option><option value=\"8\">Aug<\/option><option value=\"9\">Sep<\/option><option value=\"10\">Oct<\/option><option value=\"11\">Nov<\/option><option value=\"12\">Dec<\/option>\t\t\t\t\t\t\t<\/select>\n\t\t\t\t\t\t\t\t<select data-id=\"6a0588a51360b\" class=\"abcYearSelector\" name=\"abcYear\" size=\"1\"><li><option value=\"2024\">2024<\/option><li><option value=\"2025\">2025<\/option><li><option value=\"2026\" selected>2026<\/option><li><option value=\"2027\">2027<\/option><li><option value=\"2028\">2028<\/option>\t\t\t\t\t\t<\/select>\n\t\t\t\t\t\t<\/div><\/th><th colspan=\"2\" class=\"abcCellBorderBottom abcCellBorderLeft abcDayNumber\">\n\t\t\t\t\t<span class=\"abcDayName\">Fri<\/span><br\/>\n\t\t\t\t\t1<br\/><\/th><th colspan=\"2\" class=\"abcCellBorderBottom abcCellBorderLeft abcDayNumber abcDayWeekend\">\n\t\t\t\t\t<span class=\"abcDayName\">Sat<\/span><br\/>\n\t\t\t\t\t2<br\/><\/th><th colspan=\"2\" class=\"abcCellBorderBottom abcCellBorderLeft abcDayNumber abcDayWeekend\">\n\t\t\t\t\t<span class=\"abcDayName\">Sun<\/span><br\/>\n\t\t\t\t\t3<br\/><\/th><th colspan=\"2\" class=\"abcCellBorderBottom abcCellBorderLeft abcDayNumber\">\n\t\t\t\t\t<span class=\"abcDayName\">Mon<\/span><br\/>\n\t\t\t\t\t4<br\/><\/th><th colspan=\"2\" class=\"abcCellBorderBottom abcCellBorderLeft abcDayNumber\">\n\t\t\t\t\t<span class=\"abcDayName\">Tue<\/span><br\/>\n\t\t\t\t\t5<br\/><\/th><th colspan=\"2\" class=\"abcCellBorderBottom abcCellBorderLeft abcDayNumber\">\n\t\t\t\t\t<span class=\"abcDayName\">Wed<\/span><br\/>\n\t\t\t\t\t6<br\/><\/th><th colspan=\"2\" class=\"abcCellBorderBottom abcCellBorderLeft abcDayNumber\">\n\t\t\t\t\t<span class=\"abcDayName\">Thu<\/span><br\/>\n\t\t\t\t\t7<br\/><\/th><th colspan=\"2\" class=\"abcCellBorderBottom abcCellBorderLeft abcDayNumber\">\n\t\t\t\t\t<span class=\"abcDayName\">Fri<\/span><br\/>\n\t\t\t\t\t8<br\/><\/th><th colspan=\"2\" class=\"abcCellBorderBottom abcCellBorderLeft abcDayNumber abcDayWeekend\">\n\t\t\t\t\t<span class=\"abcDayName\">Sat<\/span><br\/>\n\t\t\t\t\t9<br\/><\/th><th colspan=\"2\" class=\"abcCellBorderBottom abcCellBorderLeft abcDayNumber abcDayWeekend\">\n\t\t\t\t\t<span class=\"abcDayName\">Sun<\/span><br\/>\n\t\t\t\t\t10<br\/><\/th><th colspan=\"2\" class=\"abcCellBorderBottom abcCellBorderLeft abcDayNumber\">\n\t\t\t\t\t<span class=\"abcDayName\">Mon<\/span><br\/>\n\t\t\t\t\t11<br\/><\/th><th colspan=\"2\" class=\"abcCellBorderBottom abcCellBorderLeft abcDayNumber\">\n\t\t\t\t\t<span class=\"abcDayName\">Tue<\/span><br\/>\n\t\t\t\t\t12<br\/><\/th><th colspan=\"2\" class=\"abcCellBorderBottom abcCellBorderLeft abcDayNumber\">\n\t\t\t\t\t<span class=\"abcDayName\">Wed<\/span><br\/>\n\t\t\t\t\t13<br\/><\/th><th colspan=\"2\" class=\"abcCellBorderBottom abcCellBorderLeft abcDayNumber\">\n\t\t\t\t\t<span class=\"abcDayName\">Thu<\/span><br\/>\n\t\t\t\t\t14<br\/><\/th><th colspan=\"2\" class=\"abcCellBorderBottom abcCellBorderLeft abcDayNumber\">\n\t\t\t\t\t<span class=\"abcDayName\">Fri<\/span><br\/>\n\t\t\t\t\t15<br\/><\/th><th colspan=\"2\" class=\"abcCellBorderBottom abcCellBorderLeft abcDayNumber abcDayWeekend\">\n\t\t\t\t\t<span class=\"abcDayName\">Sat<\/span><br\/>\n\t\t\t\t\t16<br\/><\/th><th colspan=\"2\" class=\"abcCellBorderBottom abcCellBorderLeft abcDayNumber abcDayWeekend\">\n\t\t\t\t\t<span class=\"abcDayName\">Sun<\/span><br\/>\n\t\t\t\t\t17<br\/><\/th><th colspan=\"2\" class=\"abcCellBorderBottom abcCellBorderLeft abcDayNumber\">\n\t\t\t\t\t<span class=\"abcDayName\">Mon<\/span><br\/>\n\t\t\t\t\t18<br\/><\/th><th colspan=\"2\" class=\"abcCellBorderBottom abcCellBorderLeft abcDayNumber\">\n\t\t\t\t\t<span class=\"abcDayName\">Tue<\/span><br\/>\n\t\t\t\t\t19<br\/><\/th><th colspan=\"2\" class=\"abcCellBorderBottom abcCellBorderLeft abcDayNumber\">\n\t\t\t\t\t<span class=\"abcDayName\">Wed<\/span><br\/>\n\t\t\t\t\t20<br\/><\/th><th colspan=\"2\" class=\"abcCellBorderBottom abcCellBorderLeft abcDayNumber\">\n\t\t\t\t\t<span class=\"abcDayName\">Thu<\/span><br\/>\n\t\t\t\t\t21<br\/><\/th><th colspan=\"2\" class=\"abcCellBorderBottom abcCellBorderLeft abcDayNumber\">\n\t\t\t\t\t<span class=\"abcDayName\">Fri<\/span><br\/>\n\t\t\t\t\t22<br\/><\/th><th colspan=\"2\" class=\"abcCellBorderBottom abcCellBorderLeft abcDayNumber abcDayWeekend\">\n\t\t\t\t\t<span class=\"abcDayName\">Sat<\/span><br\/>\n\t\t\t\t\t23<br\/><\/th><th colspan=\"2\" class=\"abcCellBorderBottom abcCellBorderLeft abcDayNumber abcDayWeekend\">\n\t\t\t\t\t<span class=\"abcDayName\">Sun<\/span><br\/>\n\t\t\t\t\t24<br\/><\/th><th colspan=\"2\" class=\"abcCellBorderBottom abcCellBorderLeft abcDayNumber\">\n\t\t\t\t\t<span class=\"abcDayName\">Mon<\/span><br\/>\n\t\t\t\t\t25<br\/><\/th><th colspan=\"2\" class=\"abcCellBorderBottom abcCellBorderLeft abcDayNumber\">\n\t\t\t\t\t<span class=\"abcDayName\">Tue<\/span><br\/>\n\t\t\t\t\t26<br\/><\/th><th colspan=\"2\" class=\"abcCellBorderBottom abcCellBorderLeft abcDayNumber\">\n\t\t\t\t\t<span class=\"abcDayName\">Wed<\/span><br\/>\n\t\t\t\t\t27<br\/><\/th><th colspan=\"2\" class=\"abcCellBorderBottom abcCellBorderLeft abcDayNumber\">\n\t\t\t\t\t<span class=\"abcDayName\">Thu<\/span><br\/>\n\t\t\t\t\t28<br\/><\/th><th colspan=\"2\" class=\"abcCellBorderBottom abcCellBorderLeft abcDayNumber\">\n\t\t\t\t\t<span class=\"abcDayName\">Fri<\/span><br\/>\n\t\t\t\t\t29<br\/><\/th><th colspan=\"2\" class=\"abcCellBorderBottom abcCellBorderLeft abcDayNumber abcDayWeekend\">\n\t\t\t\t\t<span class=\"abcDayName\">Sat<\/span><br\/>\n\t\t\t\t\t30<br\/><\/th><th colspan=\"2\" class=\"abcCellBorderBottom abcCellBorderLeft abcDayNumber abcDayWeekend\">\n\t\t\t\t\t<span class=\"abcDayName\">Sun<\/span><br\/>\n\t\t\t\t\t31<br\/><\/th>\t\t<\/tr>\n\t\t\t\t<\/thead>\n\t\t\t\t<tbody><tr>\n\t\t\t\t\t<td data-uk-tooltip=\"{pos:'right'}\" title=\"\" class=\"abcCalendarName\"><a href=\"https:\/\/wanderhuette-waltersdorf.de\/en\/ferienhaus\/\">Ferienhaus<\/a><\/td><td class=\" abcDayBooked abcCellBorderLeft\" title=\"Fully booked\">&nbsp;<\/td><td class=\" abcDayBooked\" title=\"Fully booked\">&nbsp;<\/td><td class=\" abcDayBooked abcCellBorderLeft\" title=\"Fully booked\">&nbsp;<\/td><td class=\" abcDayBooked\" title=\"Fully booked\">&nbsp;<\/td><td class=\" abcDayBooked abcCellBorderLeft\" title=\"Fully booked\">&nbsp;<\/td><td class=\" abcDayAvail\" title=\"Available\">&nbsp;<\/td><td class=\" abcDayAvail abcCellBorderLeft\" title=\"Available\">&nbsp;<\/td><td class=\" abcDayAvail\" title=\"Available\">&nbsp;<\/td><td class=\" abcDayAvail abcCellBorderLeft\" title=\"Available\">&nbsp;<\/td><td class=\" abcDayAvail\" title=\"Available\">&nbsp;<\/td><td class=\" abcDayAvail abcCellBorderLeft\" title=\"Available\">&nbsp;<\/td><td class=\" abcDayAvail\" title=\"Available\">&nbsp;<\/td><td class=\" abcDayAvail abcCellBorderLeft\" title=\"Available\">&nbsp;<\/td><td class=\" abcDayAvail\" title=\"Available\">&nbsp;<\/td><td class=\" abcDayAvail abcCellBorderLeft\" title=\"Available\">&nbsp;<\/td><td class=\" abcDayAvail\" title=\"Available\">&nbsp;<\/td><td class=\" abcDayAvail abcCellBorderLeft\" title=\"Available\">&nbsp;<\/td><td class=\" abcDayAvail\" title=\"Available\">&nbsp;<\/td><td class=\" abcDayAvail abcCellBorderLeft\" title=\"Available\">&nbsp;<\/td><td class=\" abcDayAvail\" title=\"Available\">&nbsp;<\/td><td class=\" abcDayAvail abcCellBorderLeft\" title=\"Available\">&nbsp;<\/td><td class=\" abcDayAvail\" title=\"Available\">&nbsp;<\/td><td class=\" abcDayAvail abcCellBorderLeft\" title=\"Available\">&nbsp;<\/td><td class=\" abcDayAvail\" title=\"Available\">&nbsp;<\/td><td class=\" abcDayAvail abcCellBorderLeft\" title=\"Available\">&nbsp;<\/td><td class=\" abcDayBooked\" title=\"Fully booked\">&nbsp;<\/td><td class=\" abcDayBooked abcCellBorderLeft\" title=\"Fully booked\">&nbsp;<\/td><td class=\" abcDayBooked\" title=\"Fully booked\">&nbsp;<\/td><td class=\" abcDayBooked abcCellBorderLeft\" title=\"Fully booked\">&nbsp;<\/td><td class=\" abcDayBooked\" title=\"Fully booked\">&nbsp;<\/td><td class=\" abcDayBooked abcCellBorderLeft\" title=\"Fully booked\">&nbsp;<\/td><td class=\" abcDayAvail\" title=\"Available\">&nbsp;<\/td><td class=\" abcDayAvail abcCellBorderLeft\" title=\"Available\">&nbsp;<\/td><td class=\" abcDayAvail\" title=\"Available\">&nbsp;<\/td><td class=\" abcDayAvail abcCellBorderLeft\" title=\"Available\">&nbsp;<\/td><td class=\" abcDayAvail\" title=\"Available\">&nbsp;<\/td><td class=\" abcDayAvail abcCellBorderLeft\" title=\"Available\">&nbsp;<\/td><td class=\" abcDayAvail\" title=\"Available\">&nbsp;<\/td><td class=\" abcDayAvail abcCellBorderLeft\" title=\"Available\">&nbsp;<\/td><td class=\" abcDayAvail\" title=\"Available\">&nbsp;<\/td><td class=\" abcDayAvail abcCellBorderLeft\" title=\"Available\">&nbsp;<\/td><td class=\" abcDayAvail\" title=\"Available\">&nbsp;<\/td><td class=\" abcDayAvail abcCellBorderLeft\" title=\"Available\">&nbsp;<\/td><td class=\" abcDayBooked\" title=\"Fully booked\">&nbsp;<\/td><td class=\" abcDayBooked abcCellBorderLeft\" title=\"Fully booked\">&nbsp;<\/td><td class=\" abcDayBooked\" title=\"Fully booked\">&nbsp;<\/td><td class=\" abcDayBooked abcCellBorderLeft\" title=\"Fully booked\">&nbsp;<\/td><td class=\" abcDayBooked\" title=\"Fully booked\">&nbsp;<\/td><td class=\" abcDayBooked abcCellBorderLeft\" title=\"Fully booked\">&nbsp;<\/td><td class=\" abcDayBooked\" title=\"Fully booked\">&nbsp;<\/td><td class=\" abcDayBooked abcCellBorderLeft\" title=\"Fully booked\">&nbsp;<\/td><td class=\" abcDayBooked\" title=\"Fully booked\">&nbsp;<\/td><td class=\" abcDayBooked abcCellBorderLeft\" title=\"Fully booked\">&nbsp;<\/td><td class=\" abcDayBooked\" title=\"Fully booked\">&nbsp;<\/td><td class=\" abcDayBooked abcCellBorderLeft\" title=\"Fully booked\">&nbsp;<\/td><td class=\" abcDayBooked\" title=\"Fully booked\">&nbsp;<\/td><td class=\" abcDayBooked abcCellBorderLeft\" title=\"Fully booked\">&nbsp;<\/td><td class=\" abcDayAvail\" title=\"Available\">&nbsp;<\/td><td class=\" abcDayAvail abcCellBorderLeft\" title=\"Available\">&nbsp;<\/td><td class=\" abcDayAvail\" title=\"Available\">&nbsp;<\/td><td class=\" abcDayAvail abcCellBorderLeft\" title=\"Available\">&nbsp;<\/td><td class=\" abcDayAvail\" title=\"Available\">&nbsp;<\/td><\/tr><tr>\n\t\t\t\t\t<td data-uk-tooltip=\"{pos:'right'}\" title=\"\" class=\"abcCalendarName\"><a href=\"https:\/\/wanderhuette-waltersdorf.de\/en\/grosse-ferienwohnung\/\">Gro\u00dfe Ferienwohnung<\/a><\/td><td class=\" abcDayBooked abcCellBorderLeft\" title=\"Fully booked\">&nbsp;<\/td><td class=\" abcDayBooked\" title=\"Fully booked\">&nbsp;<\/td><td class=\" abcDayBooked abcCellBorderLeft\" title=\"Fully booked\">&nbsp;<\/td><td class=\" abcDayBooked\" title=\"Fully booked\">&nbsp;<\/td><td class=\" abcDayBooked abcCellBorderLeft\" title=\"Fully booked\">&nbsp;<\/td><td class=\" abcDayAvail\" title=\"Available\">&nbsp;<\/td><td class=\" abcDayAvail abcCellBorderLeft\" title=\"Available\">&nbsp;<\/td><td class=\" abcDayAvail\" title=\"Available\">&nbsp;<\/td><td class=\" abcDayAvail abcCellBorderLeft\" title=\"Available\">&nbsp;<\/td><td class=\" abcDayAvail\" title=\"Available\">&nbsp;<\/td><td class=\" abcDayAvail abcCellBorderLeft\" title=\"Available\">&nbsp;<\/td><td class=\" abcDayAvail\" title=\"Available\">&nbsp;<\/td><td class=\" abcDayAvail abcCellBorderLeft\" title=\"Available\">&nbsp;<\/td><td class=\" abcDayAvail\" title=\"Available\">&nbsp;<\/td><td class=\" abcDayAvail abcCellBorderLeft\" title=\"Available\">&nbsp;<\/td><td class=\" abcDayAvail\" title=\"Available\">&nbsp;<\/td><td class=\" abcDayAvail abcCellBorderLeft\" title=\"Available\">&nbsp;<\/td><td class=\" abcDayAvail\" title=\"Available\">&nbsp;<\/td><td class=\" abcDayAvail abcCellBorderLeft\" title=\"Available\">&nbsp;<\/td><td class=\" abcDayAvail\" title=\"Available\">&nbsp;<\/td><td class=\" abcDayAvail abcCellBorderLeft\" title=\"Available\">&nbsp;<\/td><td class=\" abcDayAvail\" title=\"Available\">&nbsp;<\/td><td class=\" abcDayAvail abcCellBorderLeft\" title=\"Available\">&nbsp;<\/td><td class=\" abcDayAvail\" title=\"Available\">&nbsp;<\/td><td class=\" abcDayAvail abcCellBorderLeft\" title=\"Available\">&nbsp;<\/td><td class=\" abcDayAvail\" title=\"Available\">&nbsp;<\/td><td class=\" abcDayAvail abcCellBorderLeft\" title=\"Available\">&nbsp;<\/td><td class=\" abcDayBooked\" title=\"Fully booked\">&nbsp;<\/td><td class=\" abcDayBooked abcCellBorderLeft\" title=\"Fully booked\">&nbsp;<\/td><td class=\" abcDayBooked\" title=\"Fully booked\">&nbsp;<\/td><td class=\" abcDayBooked abcCellBorderLeft\" title=\"Fully booked\">&nbsp;<\/td><td class=\" abcDayBooked\" title=\"Fully booked\">&nbsp;<\/td><td class=\" abcDayBooked abcCellBorderLeft\" title=\"Fully booked\">&nbsp;<\/td><td class=\" abcDayAvail\" title=\"Available\">&nbsp;<\/td><td class=\" abcDayAvail abcCellBorderLeft\" title=\"Available\">&nbsp;<\/td><td class=\" abcDayAvail\" title=\"Available\">&nbsp;<\/td><td class=\" abcDayAvail abcCellBorderLeft\" title=\"Available\">&nbsp;<\/td><td class=\" abcDayAvail\" title=\"Available\">&nbsp;<\/td><td class=\" abcDayAvail abcCellBorderLeft\" title=\"Available\">&nbsp;<\/td><td class=\" abcDayAvail\" title=\"Available\">&nbsp;<\/td><td class=\" abcDayAvail abcCellBorderLeft\" title=\"Available\">&nbsp;<\/td><td class=\" abcDayAvail\" title=\"Available\">&nbsp;<\/td><td class=\" abcDayAvail abcCellBorderLeft\" title=\"Available\">&nbsp;<\/td><td class=\" abcDayAvail\" title=\"Available\">&nbsp;<\/td><td class=\" abcDayAvail abcCellBorderLeft\" title=\"Available\">&nbsp;<\/td><td class=\" abcDayAvail\" title=\"Available\">&nbsp;<\/td><td class=\" abcDayAvail abcCellBorderLeft\" title=\"Available\">&nbsp;<\/td><td class=\" abcDayBooked\" title=\"Fully booked\">&nbsp;<\/td><td class=\" abcDayBooked abcCellBorderLeft\" title=\"Fully booked\">&nbsp;<\/td><td class=\" abcDayBooked\" title=\"Fully booked\">&nbsp;<\/td><td class=\" abcDayBooked abcCellBorderLeft\" title=\"Fully booked\">&nbsp;<\/td><td class=\" abcDayBooked\" title=\"Fully booked\">&nbsp;<\/td><td class=\" abcDayBooked abcCellBorderLeft\" title=\"Fully booked\">&nbsp;<\/td><td class=\" abcDayBooked\" title=\"Fully booked\">&nbsp;<\/td><td class=\" abcDayBooked abcCellBorderLeft\" title=\"Fully booked\">&nbsp;<\/td><td class=\" abcDayBooked\" title=\"Fully booked\">&nbsp;<\/td><td class=\" abcDayBooked abcCellBorderLeft\" title=\"Fully booked\">&nbsp;<\/td><td class=\" abcDayBooked\" title=\"Fully booked\">&nbsp;<\/td><td class=\" abcDayBooked abcCellBorderLeft\" title=\"Fully booked\">&nbsp;<\/td><td class=\" abcDayBooked\" title=\"Fully booked\">&nbsp;<\/td><td class=\" abcDayBooked abcCellBorderLeft\" title=\"Fully booked\">&nbsp;<\/td><td class=\" abcDayAvail\" title=\"Available\">&nbsp;<\/td><\/tr><\/tbody>\n\t\t\t<\/table>\n\t\t<\/div>\n\t\t<\/div><!-- End Advanced Booking Calendar WordPress plugin: https:\/\/www.booking-calendar-plugin.com -->\n\n\t<!-- Advanced Booking Calendar Booking Form - https:\/\/booking-calendar-plugin.com -->\n\t\n\t<div id=\"abc-form-wrapper\">\n\t\t<img decoding=\"async\" alt=\"Loading...\" src=\"https:\/\/wanderhuette-waltersdorf.de\/wp-admin\/images\/wpspin_light.gif\" align=\"middle\" class=\"waiting\" id=\"abc_bookinform_loading\" style=\"display:none\" \/>\t\t\t\t\n\t\t<div id=\"abc-form-content\">\n\t\t\t<div class=\"abc-column\">\n\t\t\t\t<form class=\"abc-form\"  method=\"post\">\n\t\t\t\t\t<label for=\"abc-from\">Checkin<\/label>\n\t\t\t\t\t<div class=\"abc-input-fa\">\n\t\t\t\t\t\t<span class=\"fa fa-calendar\"><\/span>\n\t\t\t\t\t\t<input id=\"abc-from\" name=\"abc-from\" readonly=\"true\" class=\"abc-from\" value=\"\">\n\t\t\t\t\t<\/div>\n\t\t\t\t\t<label for=\"abc-to\">Checkout<\/label>\n\t\t\t\t\t<div class=\"abc-input-fa\">\n\t\t\t\t\t\t<span class=\"fa fa-calendar\"><\/span>\n\t\t\t\t\t\t<input id=\"abc-to\" name=\"abc-to\" readonly=\"true\" class=\"abc-to\" value=\"\">\n\t\t\t\t\t<\/div>\n\t\t\t<\/div>\t\t\t\n\t\t\t<div class=\"abc-column abc-form\">\t\n\t\t\t\t\t<label for=\"abc-persons\">Persons<\/label>\n\t\t\t\t\t<div class=\"abc-input-fa\">\n\t\t\t\t\t\t<span class=\"fa fa-female abc-guest1\"><\/span>\n\t\t\t\t\t\t<span class=\"fa fa-male abc-guest2\"><\/span>\n\t\t\t\t\t\t<select id=\"abc-persons\" name=\"abc-persons\">\n\t\t\t\t\t\t\t<option value=\"1\" selected>1<\/option><option value=\"2\">2<\/option><option value=\"3\">3<\/option><option value=\"4\">4<\/option><option value=\"5\">5<\/option><option value=\"6\">6<\/option><option value=\"7\">7<\/option><option value=\"8\">8<\/option>\n\t\t\t\t\t\t<\/select>\n\t\t\t\t\t<\/div>\n\t\t\t\t\t<input id=\"abcPostTrigger\" type=\"hidden\" name=\"abcPostTrigger\" value=\"0\">\t\n\t\t\t\t\t<input id=\"abcPostCalendarId\" type=\"hidden\" name=\"abcPostCalendarId\" value=\"\">\t\n\t\t\t\t<\/form>\t\n\t\t\t<\/div>\n\t\t\t<div class=\"abc-form-row\">\n\t\t\t\t<button class=\"abc-submit\" id=\"abc-check-availabilities\"><span id=\"abc-submit-button\" class=\"abc-submit-text\">Check availabilities<\/span><span class=\"abc-submit-loading\" >Loading...<\/span><\/button>\n\t\t\t\t<button class=\"abc-submit\" id=\"abc-back-to-availabilities\" style=\"display: none;\"><span class=\"abc-submit-text\">Edit<\/span><\/button>\n\t\t\t<\/div>\t\n\t\t\t\n\t\t\t<div id=\"abc-bookingresults\"><\/div>\n\t\t<\/div><\/div>\n<hr \/>\n<p>Sie haben eine <strong>allgemeine Anfrage<\/strong>, die nicht auf ein konkretes Datum bezogen ist? <a href=\"https:\/\/wanderhuette-waltersdorf.de\/kontakt\/\">Hier <\/a>finden Sie unsere <strong>Kontaktdaten<\/strong>, um uns eine Mail \u00fcber das <strong>Kontaktformular<\/strong> zu hinterlassen, wir melden uns dann schnellstm\u00f6glich bei Ihnen.<\/p>\n","protected":false},"excerpt":{"rendered":"<p>Sehen Sie sich unsere Unterk\u00fcnfte an und senden Sie uns eine Anfrage, wir erstellen Ihnen gern ein pers\u00f6nliches Angebot. Unser Angebot: Wenn Sie eine Mieteinheit 14 N\u00e4chte anmieten, m\u00fcssen sie nur 13 bezahlen! Bitte beachten Sie, dass die im Buchungsformular errechneten Preise keine Relevanz haben. Aktuell l\u00e4sst sich die Preisansicht aus technischen Gr\u00fcnden nicht abschalten. <a class=\"more-link\" href=\"https:\/\/wanderhuette-waltersdorf.de\/en\/buchungsanfrage\/\">weiterlesen&#8230;<\/a><\/p>\n","protected":false},"author":1,"featured_media":0,"parent":0,"menu_order":0,"comment_status":"closed","ping_status":"closed","template":"","meta":{"footnotes":""},"class_list":["post-456","page","type-page","status-publish","hentry"],"translation":{"provider":"WPGlobus","version":"3.0.2","language":"en","enabled_languages":["de","en","fr","cz"],"languages":{"de":{"title":true,"content":true,"excerpt":false},"en":{"title":false,"content":false,"excerpt":false},"fr":{"title":false,"content":false,"excerpt":false},"cz":{"title":false,"content":false,"excerpt":false}}},"_links":{"self":[{"href":"https:\/\/wanderhuette-waltersdorf.de\/en\/wp-json\/wp\/v2\/pages\/456","targetHints":{"allow":["GET"]}}],"collection":[{"href":"https:\/\/wanderhuette-waltersdorf.de\/en\/wp-json\/wp\/v2\/pages"}],"about":[{"href":"https:\/\/wanderhuette-waltersdorf.de\/en\/wp-json\/wp\/v2\/types\/page"}],"author":[{"embeddable":true,"href":"https:\/\/wanderhuette-waltersdorf.de\/en\/wp-json\/wp\/v2\/users\/1"}],"replies":[{"embeddable":true,"href":"https:\/\/wanderhuette-waltersdorf.de\/en\/wp-json\/wp\/v2\/comments?post=456"}],"version-history":[{"count":9,"href":"https:\/\/wanderhuette-waltersdorf.de\/en\/wp-json\/wp\/v2\/pages\/456\/revisions"}],"predecessor-version":[{"id":830,"href":"https:\/\/wanderhuette-waltersdorf.de\/en\/wp-json\/wp\/v2\/pages\/456\/revisions\/830"}],"wp:attachment":[{"href":"https:\/\/wanderhuette-waltersdorf.de\/en\/wp-json\/wp\/v2\/media?parent=456"}],"curies":[{"name":"wp","href":"https:\/\/api.w.org\/{rel}","templated":true}]}}