{"id":31,"date":"2017-05-25T15:32:58","date_gmt":"2017-05-25T13:32:58","guid":{"rendered":"https:\/\/wanderhuette-waltersdorf.de\/?page_id=31"},"modified":"2022-03-08T16:49:30","modified_gmt":"2022-03-08T15:49:30","slug":"partyraum","status":"publish","type":"page","link":"https:\/\/wanderhuette-waltersdorf.de\/en\/partyraum\/","title":{"rendered":"Partyraum"},"content":{"rendered":"<p><strong>ca. 70 m\u00b2 f\u00fcr bis ca. 20 Personen, f\u00fcr Selbstversorger<\/strong><\/p>\n<h3>Unser neues Angebot<\/h3>\n<p>Gestalten Sie Ihre <strong>Feierlichkeiten<\/strong> individuell nach Ihren Bed\u00fcrfnissen und M\u00f6glichkeiten in rustikalem Ambiente.<br \/>\n<strong>M\u00f6glich ist die Anmietung eines historischen Stallgew\u00f6lbes f\u00fcr Ihre Familienfeier oder als Seminar- und Tagungsraum.<br \/>\n<\/strong><\/p>\n<p><strong>F\u00fcr die Versorgung Ihrer G\u00e4ste mit Speisen und Getr\u00e4nken nutzen Sie eine neue K\u00fcche. Ausgestattet u. a.\u00a0mit Geschirrsp\u00fcler, Induktionsherd, Backofen, Mikrowelle,\u00a0K\u00fchl-Gefrierkombination, Kaffeemaschinen.<\/strong><\/p>\n<p><strong>Leistungen durch den Vermieter oder andere Dienstleistungen wie Partyservice, Getr\u00e4nkeh\u00e4ndler, Unterhaltung, Musik sind frei w\u00e4hlbar.<\/strong><\/p>\n\n\t\t<style type=\"text\/css\">\n\t\t\t#gallery-1 {\n\t\t\t\tmargin: auto;\n\t\t\t}\n\t\t\t#gallery-1 .gallery-item {\n\t\t\t\tfloat: left;\n\t\t\t\tmargin-top: 10px;\n\t\t\t\ttext-align: center;\n\t\t\t\twidth: 33%;\n\t\t\t}\n\t\t\t#gallery-1 img {\n\t\t\t\tborder: 2px solid #cfcfcf;\n\t\t\t}\n\t\t\t#gallery-1 .gallery-caption {\n\t\t\t\tmargin-left: 0;\n\t\t\t}\n\t\t\t\/* see gallery_shortcode() in wp-includes\/media.php *\/\n\t\t<\/style>\n\t\t<div id='gallery-1' class='gallery galleryid-31 gallery-columns-3 gallery-size-thumbnail'><dl class='gallery-item'>\n\t\t\t<dt class='gallery-icon landscape'>\n\t\t\t\t<a href='https:\/\/wanderhuette-waltersdorf.de\/wp-content\/uploads\/2017\/07\/Partyraum-1.jpg'><img loading=\"lazy\" decoding=\"async\" width=\"150\" height=\"150\" src=\"https:\/\/wanderhuette-waltersdorf.de\/wp-content\/uploads\/2017\/07\/Partyraum-1-150x150.jpg\" class=\"attachment-thumbnail size-thumbnail\" alt=\"Partyraum mit K\u00fcche\" aria-describedby=\"gallery-1-282\" srcset=\"https:\/\/wanderhuette-waltersdorf.de\/wp-content\/uploads\/2017\/07\/Partyraum-1-150x150.jpg 150w, https:\/\/wanderhuette-waltersdorf.de\/wp-content\/uploads\/2017\/07\/Partyraum-1-200x200.jpg 200w\" sizes=\"auto, (max-width: 150px) 100vw, 150px\" \/><\/a>\n\t\t\t<\/dt>\n\t\t\t\t<dd class='wp-caption-text gallery-caption' id='gallery-1-282'>\n\t\t\t\tPartyraum mit K\u00fcche\n\t\t\t\t<\/dd><\/dl><dl class='gallery-item'>\n\t\t\t<dt class='gallery-icon landscape'>\n\t\t\t\t<a href='https:\/\/wanderhuette-waltersdorf.de\/wp-content\/uploads\/2017\/06\/Partyraum-K\u00fcche-1.jpg'><img loading=\"lazy\" decoding=\"async\" width=\"150\" height=\"150\" src=\"https:\/\/wanderhuette-waltersdorf.de\/wp-content\/uploads\/2017\/06\/Partyraum-K\u00fcche-1-150x150.jpg\" class=\"attachment-thumbnail size-thumbnail\" alt=\"Gro\u00dfe K\u00fcche\" aria-describedby=\"gallery-1-205\" srcset=\"https:\/\/wanderhuette-waltersdorf.de\/wp-content\/uploads\/2017\/06\/Partyraum-K\u00fcche-1-150x150.jpg 150w, https:\/\/wanderhuette-waltersdorf.de\/wp-content\/uploads\/2017\/06\/Partyraum-K\u00fcche-1-200x200.jpg 200w\" sizes=\"auto, (max-width: 150px) 100vw, 150px\" \/><\/a>\n\t\t\t<\/dt>\n\t\t\t\t<dd class='wp-caption-text gallery-caption' id='gallery-1-205'>\n\t\t\t\tK\u00fcche im Partyraum\n\t\t\t\t<\/dd><\/dl><dl class='gallery-item'>\n\t\t\t<dt class='gallery-icon landscape'>\n\t\t\t\t<a href='https:\/\/wanderhuette-waltersdorf.de\/wp-content\/uploads\/2017\/06\/Partyraum-3.jpg'><img loading=\"lazy\" decoding=\"async\" width=\"150\" height=\"150\" src=\"https:\/\/wanderhuette-waltersdorf.de\/wp-content\/uploads\/2017\/06\/Partyraum-3-150x150.jpg\" class=\"attachment-thumbnail size-thumbnail\" alt=\"F\u00fcr Ihre Feiern mit bis zu 30 G\u00e4sten\" aria-describedby=\"gallery-1-203\" srcset=\"https:\/\/wanderhuette-waltersdorf.de\/wp-content\/uploads\/2017\/06\/Partyraum-3-150x150.jpg 150w, https:\/\/wanderhuette-waltersdorf.de\/wp-content\/uploads\/2017\/06\/Partyraum-3-200x200.jpg 200w\" sizes=\"auto, (max-width: 150px) 100vw, 150px\" \/><\/a>\n\t\t\t<\/dt>\n\t\t\t\t<dd class='wp-caption-text gallery-caption' id='gallery-1-203'>\n\t\t\t\tF\u00fcr Ihre Feiern bis zu ca. 25 G\u00e4ste\n\t\t\t\t<\/dd><\/dl><br style=\"clear: both\" \/>\n\t\t<\/div>\n\n<h4><strong>Besonderes:<\/strong><\/h4>\n<p><strong>Wir bieten den ehem. Stall als Partyraum mit und ohne \u00dcbernachtung.<br \/>\nsiehe: <a href=\"https:\/\/wanderhuette-waltersdorf.de\/grosse-ferienwohnung\/\">Gro\u00dfe Ferienwohnung<\/a><\/strong><\/p>\n","protected":false},"excerpt":{"rendered":"<p>ca. 70 m\u00b2 f\u00fcr bis ca. 20 Personen, f\u00fcr Selbstversorger Unser neues Angebot Gestalten Sie Ihre Feierlichkeiten individuell nach Ihren Bed\u00fcrfnissen und M\u00f6glichkeiten in rustikalem Ambiente. M\u00f6glich ist die Anmietung eines historischen Stallgew\u00f6lbes f\u00fcr Ihre Familienfeier oder als Seminar- und Tagungsraum. F\u00fcr die Versorgung Ihrer G\u00e4ste mit Speisen und Getr\u00e4nken nutzen Sie eine neue K\u00fcche. <a class=\"more-link\" href=\"https:\/\/wanderhuette-waltersdorf.de\/en\/partyraum\/\">weiterlesen&#8230;<\/a><\/p>\n","protected":false},"author":1,"featured_media":282,"parent":0,"menu_order":0,"comment_status":"closed","ping_status":"closed","template":"","meta":{"footnotes":""},"class_list":["post-31","page","type-page","status-publish","has-post-thumbnail","hentry"],"translation":{"provider":"WPGlobus","version":"3.0.2","language":"en","enabled_languages":["de","en","fr","cz"],"languages":{"de":{"title":true,"content":true,"excerpt":false},"en":{"title":false,"content":false,"excerpt":false},"fr":{"title":false,"content":false,"excerpt":false},"cz":{"title":false,"content":false,"excerpt":false}}},"_links":{"self":[{"href":"https:\/\/wanderhuette-waltersdorf.de\/en\/wp-json\/wp\/v2\/pages\/31","targetHints":{"allow":["GET"]}}],"collection":[{"href":"https:\/\/wanderhuette-waltersdorf.de\/en\/wp-json\/wp\/v2\/pages"}],"about":[{"href":"https:\/\/wanderhuette-waltersdorf.de\/en\/wp-json\/wp\/v2\/types\/page"}],"author":[{"embeddable":true,"href":"https:\/\/wanderhuette-waltersdorf.de\/en\/wp-json\/wp\/v2\/users\/1"}],"replies":[{"embeddable":true,"href":"https:\/\/wanderhuette-waltersdorf.de\/en\/wp-json\/wp\/v2\/comments?post=31"}],"version-history":[{"count":7,"href":"https:\/\/wanderhuette-waltersdorf.de\/en\/wp-json\/wp\/v2\/pages\/31\/revisions"}],"predecessor-version":[{"id":1094,"href":"https:\/\/wanderhuette-waltersdorf.de\/en\/wp-json\/wp\/v2\/pages\/31\/revisions\/1094"}],"wp:featuredmedia":[{"embeddable":true,"href":"https:\/\/wanderhuette-waltersdorf.de\/en\/wp-json\/wp\/v2\/media\/282"}],"wp:attachment":[{"href":"https:\/\/wanderhuette-waltersdorf.de\/en\/wp-json\/wp\/v2\/media?parent=31"}],"curies":[{"name":"wp","href":"https:\/\/api.w.org\/{rel}","templated":true}]}}