{"id":5,"date":"2017-05-25T15:16:39","date_gmt":"2017-05-25T13:16:39","guid":{"rendered":"https:\/\/wanderhuette-waltersdorf.de\/?page_id=5"},"modified":"2022-05-30T13:07:36","modified_gmt":"2022-05-30T11:07:36","slug":"willkommen","status":"publish","type":"page","link":"https:\/\/wanderhuette-waltersdorf.de\/cz\/","title":{"rendered":"v\u00edtejte"},"content":{"rendered":"<p><span class=\"czech\">V\u00e1\u017een\u00ed host\u00e9,<\/span><\/p>\n<p>d\u011bkujeme V\u00e1m za V\u00e1\u0161 z\u00e1jem o ubytov\u00e1n\u00ed v na\u0161ich objektech a t\u011b\u0161\u00edme se, budeme-li V\u00e1s moci p\u0159iv\u00edtat jako na\u0161e hosty.<\/p>\n<p>P\u0159es odkazy zde uveden\u00e9 se dozv\u00edte tak\u00e9 v\u00edce informac\u00ed o na\u0161em regionu.<br \/>\nNab\u00edz\u00edme V\u00e1m n\u00e1sleduj\u00edc\u00ed ubytov\u00e1n\u00ed:<\/p>\n<p><strong>Pr\u00e1zdninov\u00fd d\u016fm \u201eWanderh<\/strong><strong>\u00fctte\u201c<\/strong><strong><br \/>\n<\/strong>&#8211; mo\u017enost pronajmut\u00ed cel\u00e9ho domu pouze pro Va\u0161i rodinu nebo skupinu<br \/>\n7 l\u016f\u017eek, 2 lo\u017enice (5\/2)<br \/>\n&#8211; p\u0159enocov\u00e1n\u00ed na sen\u011b (spac\u00e1k p\u0159iv\u00e9st s sebou)<br \/>\n&#8211; kompletn\u011b za\u0159\u00edzen\u00e1 kuchy\u0148, elektrick\u00fd spor\u00e1k, my\u010dka na n\u00e1dob\u00ed, ledni\u010dka<br \/>\n&#8211; \u00fatuln\u00fd ob\u00fdvac\u00ed pokoj s krbem, s televiz\u00ed a satelitem<br \/>\n&#8211; 2 x sprcha, WC, umyvadlo<br \/>\n&#8211; pra\u010dka<br \/>\n&#8211; ubytov\u00e1n\u00ed na dobu krat\u0161\u00ed ne\u017e 3 noci \u2013 pros\u00edme p\u0159ivezte si s sebou spac\u00e1k, od 4. noci je povle\u010den\u00ed v cen\u011b ubytov\u00e1n\u00ed<br \/>\n&#8211; v cen\u011b je zahrnut i z\u00e1v\u011bre\u010dn\u00fd \u00faklid a poplatek obci<br \/>\n&#8211; v\u00fddaje za elekt\u0159inu a vodu se p\u0159ipo\u010d\u00edtaj\u00ed zvl\u00e1\u0161\u0165<br \/>\n&#8211; ubytov\u00e1n\u00ed na dobu del\u0161\u00ed ne\u017e t\u0159i noci \u2013 od 4. noci cena za jednu noc 77,- EUR<br \/>\n&#8211; ubytov\u00e1n\u00ed na dobu krat\u0161\u00ed ne\u017e t\u0159i noci a krat\u0161\u00ed \u2013 95,00 EUR za jednu noc<\/p>\n<p><strong>Pr\u00e1zdninov\u00fd byt<\/strong><br \/>\n&#8211; 4 l\u016f\u017eka, 2 lo\u017enice (1x dvoul\u016f\u017eko, 1 x palanda)<strong><br \/>\n<\/strong>&#8211; ob\u00fdvac\u00ed kuchy\u0148 s televiz\u00ed a satelitem, elektrick\u00fd spor\u00e1k, ledni\u010dka<br \/>\n&#8211; sprcha, WC, umyvadlo<br \/>\n&#8211; samostatn\u00fd vchod p\u0159es st\u0159e\u0161n\u00ed terasu<br \/>\n&#8211; v cen\u011b je zahrnut i z\u00e1v\u011bre\u010dn\u00fd \u00faklid, poplatek za elek\u0159inu, vodu a poplatek obci<br \/>\n&#8211; cena za ubytov\u00e1n\u00ed del\u0161\u00ed ne\u017e 4 noci \u2013 14,- EUR za jednu noc a osobu<\/p>\n<p><strong>2- l\u016f\u017ekov\u00fd pokoj<\/strong><br \/>\n&#8211; dvoul\u016f\u017eko v pokoji<br \/>\n&#8211; televize se satelitem<br \/>\n&#8211; sprcha, WC, umyvadlo<br \/>\n&#8211; samostatn\u00fd vchod p\u0159es st\u0159e\u0161n\u00ed terasu<br \/>\n&#8211; v cen\u011b je zahrnut i z\u00e1v\u011bre\u010dn\u00fd \u00faklid, poplatek za elek\u0159inu, vodu a poplatek obci<br \/>\n&#8211; cena za ubytov\u00e1n\u00ed del\u0161\u00ed ne\u017e 4 noci je 15,00 EUR za jednu noc a osobu<br \/>\n&#8211; sn\u00eddani V\u00e1m m\u016f\u017eeme nab\u00eddnout a serv\u00edrovat za cenu 5,00 EUR za osobu<\/p>\n<p><a href=\"https:\/\/wanderhuette-waltersdorf.de\/ferienhaus\/\">Rekrea\u010dn\u00ed d\u016fm<\/a><img loading=\"lazy\" decoding=\"async\" src=\"http:\/\/www.wanderhuette-waltersdorf.de\/images\/trans.gif\" alt=\"trans\" width=\"10\" height=\"1\" \/><a href=\"https:\/\/wanderhuette-waltersdorf.de\/grosse-ferienwohnung\/\">Rekrea\u010dn\u00ed apartm\u00e1n<\/a><img loading=\"lazy\" decoding=\"async\" src=\"http:\/\/www.wanderhuette-waltersdorf.de\/images\/trans.gif\" alt=\"trans\" width=\"10\" height=\"1\" \/><a href=\"https:\/\/wanderhuette-waltersdorf.de\/doppelzimmer\/\">Dvoul\u016f\u017ekov\u00e9 pokoje<\/a><\/p>\n<hr \/>\n<p>K dispozici pro v\u0161echny na\u0161e hosty je zahrada s koutkem pro posezen\u00ed, grilov\u00e1n\u00ed<br \/>\na t\u00e1bor\u00e1k. D\u00e1le m\u016f\u017eeme na na\u0161em pozemku nab\u00eddnout m\u00edsto pro hran\u00ed d\u011bt\u00ed a parkov\u00e1n\u00ed.<br \/>\n<strong>V\u0161echny<\/strong>\u00a0pokoje jsou neku\u0159\u00e1ck\u00e9, vyt\u00e1p\u011bn\u00e9 a vyu\u017eit\u00ed je mo\u017en\u00e9 po cel\u00fd rok.<\/p>\n<p>Dop\u0159ejte Va\u0161emu autu odpo\u010dinek, turistick\u00e9 stezky za\u010d\u00ednaj\u00ed p\u0159\u00edmo p\u0159ed dve\u0159mi!<br \/>\nJako hostitel\u00e9, kte\u0159\u00ed se sami r\u00e1di v\u011bnuj\u00ed horolezectv\u00ed, turistice a cyklistice, V\u00e1m r\u00e1di doporu\u010d\u00edme a porad\u00edme p\u0159i Va\u0161ich pr\u00e1zdninov\u00fdch aktivit\u00e1ch.<\/p>\n<p><strong>Vyu\u017eijte nab\u00eddky aktivit pro na\u0161e hosty:<\/strong><br \/>\nturistika s lezen\u00edm po \u017eeb\u0159\u00edk\u00e1ch, objevov\u00e1n\u00ed jeskyn\u00ed nebo vyzkou\u0161en\u00ed si horolezectv\u00ed.<br \/>\nNa p\u0159\u00e1n\u00ed V\u00e1m r\u00e1di za\u0161leme i prospekt na\u0161eho domu.<\/p>\n<p>V obci se nach\u00e1z\u00ed restaurace, obchod s potravinami, obchod s n\u00e1poji a sportovn\u00ed h\u0159i\u0161t\u011b.<\/p>\n<p>P\u0159\u00edjezd je mo\u017en\u00fd od 15.00 hod, odjezd do 10.00 hod. Je ale mo\u017en\u00e9 se v\u017edy pro konkr\u00e9tn\u00ed p\u0159\u00edpad domluvit.<\/p>\n<p>O uhrazen\u00ed pobytu bychom prosili v den p\u0159\u00edjezdu, v hotovosti.<br \/>\n<strong>\u0160\u0165astnou cestu a kr\u00e1snou dovolenou V\u00e1m srde\u010dn\u011b p\u0159eje<br \/>\nrodina Walther-Wagner!<\/strong><\/p>\n","protected":false},"excerpt":{"rendered":"<p>V\u00e1\u017een\u00ed host\u00e9, d\u011bkujeme V\u00e1m za V\u00e1\u0161 z\u00e1jem o ubytov\u00e1n\u00ed v na\u0161ich objektech a t\u011b\u0161\u00edme se, budeme-li V\u00e1s moci p\u0159iv\u00edtat jako na\u0161e hosty. P\u0159es odkazy zde uveden\u00e9 se dozv\u00edte tak\u00e9 v\u00edce informac\u00ed o na\u0161em regionu. Nab\u00edz\u00edme V\u00e1m n\u00e1sleduj\u00edc\u00ed ubytov\u00e1n\u00ed: Pr\u00e1zdninov\u00fd d\u016fm \u201eWanderh\u00fctte\u201c &#8211; mo\u017enost pronajmut\u00ed cel\u00e9ho domu pouze pro Va\u0161i rodinu nebo skupinu 7 l\u016f\u017eek, 2 <a class=\"more-link\" href=\"https:\/\/wanderhuette-waltersdorf.de\/cz\/\">weiterlesen&#8230;<\/a><\/p>\n","protected":false},"author":1,"featured_media":0,"parent":0,"menu_order":0,"comment_status":"closed","ping_status":"closed","template":"","meta":{"footnotes":""},"class_list":["post-5","page","type-page","status-publish","hentry"],"translation":{"provider":"WPGlobus","version":"3.0.2","language":"cz","enabled_languages":["de","en","fr","cz"],"languages":{"de":{"title":true,"content":true,"excerpt":false},"en":{"title":true,"content":true,"excerpt":false},"fr":{"title":true,"content":true,"excerpt":false},"cz":{"title":true,"content":true,"excerpt":false}}},"_links":{"self":[{"href":"https:\/\/wanderhuette-waltersdorf.de\/cz\/wp-json\/wp\/v2\/pages\/5","targetHints":{"allow":["GET"]}}],"collection":[{"href":"https:\/\/wanderhuette-waltersdorf.de\/cz\/wp-json\/wp\/v2\/pages"}],"about":[{"href":"https:\/\/wanderhuette-waltersdorf.de\/cz\/wp-json\/wp\/v2\/types\/page"}],"author":[{"embeddable":true,"href":"https:\/\/wanderhuette-waltersdorf.de\/cz\/wp-json\/wp\/v2\/users\/1"}],"replies":[{"embeddable":true,"href":"https:\/\/wanderhuette-waltersdorf.de\/cz\/wp-json\/wp\/v2\/comments?post=5"}],"version-history":[{"count":22,"href":"https:\/\/wanderhuette-waltersdorf.de\/cz\/wp-json\/wp\/v2\/pages\/5\/revisions"}],"predecessor-version":[{"id":22942,"href":"https:\/\/wanderhuette-waltersdorf.de\/cz\/wp-json\/wp\/v2\/pages\/5\/revisions\/22942"}],"wp:attachment":[{"href":"https:\/\/wanderhuette-waltersdorf.de\/cz\/wp-json\/wp\/v2\/media?parent=5"}],"curies":[{"name":"wp","href":"https:\/\/api.w.org\/{rel}","templated":true}]}}