{"id":480,"date":"2017-08-13T15:25:15","date_gmt":"2017-08-13T13:25:15","guid":{"rendered":"https:\/\/wanderhuette-waltersdorf.de\/?page_id=480"},"modified":"2024-06-20T12:17:27","modified_gmt":"2024-06-20T10:17:27","slug":"kleine-ferienwohnung","status":"publish","type":"page","link":"https:\/\/wanderhuette-waltersdorf.de\/cz\/kleine-ferienwohnung\/","title":{"rendered":"Kleine Ferienwohnung"},"content":{"rendered":"<p>f\u00fcr 4 Personen befindet sich im Obergescho\u00df des Haupthauses mit einem separaten Aufgang.<\/p>\n<p><strong>Nichtraucherferienwohnung!<\/strong><\/p>\n<p>Gut geeignet f\u00fcr\u00a0<strong>Familien mit Kindern<\/strong>, mit Wohnk\u00fcche als Aufenthaltsbereich. Die Wohnung ist\u00a0<strong>ganzj\u00e4hrig<\/strong>\u00a0zu mieten.<\/p>\n<p><strong>Besonderes:<\/strong><br \/>\nVon der\u00a0<strong>Terrasse<\/strong>\u00a0genie\u00dfen Sie den Ausblick in die Rathener Felsenwelt. Feuerstelle, Liegewiese und Grillplatz befinden sich im Garten.<br \/>\nPlatz f\u00fcr spielende Kinder sowie parkende Autos auf dem Grundst\u00fcck vorhanden.<\/p>\n<p>In Kombination mit der Ferienwohnung k\u00f6nnen\u00a0<a href=\"http:\/\/wanderhuette-waltersdorf.de\/de\/doppelzimmer\" data-wplink-edit=\"true\">Doppelzimmer<\/a>\u00a0(je 2 Betten) gemietet werden, sofern diese zum gleichen Zeitpunkt frei sind.<\/p>\n<p>Haustiere auf Anfrage<\/p>\n<hr \/>\n<h3>Ausstattung der Zimmer:<\/h3>\n<p><strong>Wohn-K\u00fcche<\/strong>\u00a0mit kompletter Ausstattung, E-Herd 2 Platten<br \/>\nK\u00fchlschrank, Kaffeemaschine, Toaster, Wasserkocher<\/p>\n<p>Kinderbett und -st\u00fchlchen vorhanden<\/p>\n<p><strong>4 Betten<\/strong>\/ Aufbettung nicht m\u00f6glich<br \/>\n1 Schlafzimmer mit einem Doppelstockbett\/Durchgangszimmer<br \/>\n(f\u00fcr 2 Kinder und\/oder Baby)<br \/>\n1 Schlafzimmer mit einem Doppelbett<br \/>\ninkl. einer Sanit\u00e4rzelle mit DU\/WC\/WB<\/p>\n<p>Sat. \u2013 TV &#8211; Anschluss<\/p>\n<p>Zentralheizung\/ganzj\u00e4hrig warm<\/p>\n\n\t\t<style type=\"text\/css\">\n\t\t\t#gallery-1 {\n\t\t\t\tmargin: auto;\n\t\t\t}\n\t\t\t#gallery-1 .gallery-item {\n\t\t\t\tfloat: left;\n\t\t\t\tmargin-top: 10px;\n\t\t\t\ttext-align: center;\n\t\t\t\twidth: 25%;\n\t\t\t}\n\t\t\t#gallery-1 img {\n\t\t\t\tborder: 2px solid #cfcfcf;\n\t\t\t}\n\t\t\t#gallery-1 .gallery-caption {\n\t\t\t\tmargin-left: 0;\n\t\t\t}\n\t\t\t\/* see gallery_shortcode() in wp-includes\/media.php *\/\n\t\t<\/style>\n\t\t<div id='gallery-1' class='gallery galleryid-480 gallery-columns-4 gallery-size-thumbnail'><dl class='gallery-item'>\n\t\t\t<dt class='gallery-icon landscape'>\n\t\t\t\t<a href='https:\/\/wanderhuette-waltersdorf.de\/wp-content\/uploads\/2017\/07\/Partyraum-1.jpg'><img loading=\"lazy\" decoding=\"async\" width=\"150\" height=\"150\" src=\"https:\/\/wanderhuette-waltersdorf.de\/wp-content\/uploads\/2017\/07\/Partyraum-1-150x150.jpg\" class=\"attachment-thumbnail size-thumbnail\" alt=\"Partyraum mit K\u00fcche\" aria-describedby=\"gallery-1-282\" srcset=\"https:\/\/wanderhuette-waltersdorf.de\/wp-content\/uploads\/2017\/07\/Partyraum-1-150x150.jpg 150w, https:\/\/wanderhuette-waltersdorf.de\/wp-content\/uploads\/2017\/07\/Partyraum-1-200x200.jpg 200w\" sizes=\"auto, (max-width: 150px) 100vw, 150px\" \/><\/a>\n\t\t\t<\/dt>\n\t\t\t\t<dd class='wp-caption-text gallery-caption' id='gallery-1-282'>\n\t\t\t\tPartyraum mit K\u00fcche\n\t\t\t\t<\/dd><\/dl><dl class='gallery-item'>\n\t\t\t<dt class='gallery-icon portrait'>\n\t\t\t\t<a href='https:\/\/wanderhuette-waltersdorf.de\/wp-content\/uploads\/2017\/07\/Ferienwohnung-Schlafzimmer-2.jpg'><img loading=\"lazy\" decoding=\"async\" width=\"150\" height=\"150\" src=\"https:\/\/wanderhuette-waltersdorf.de\/wp-content\/uploads\/2017\/07\/Ferienwohnung-Schlafzimmer-2-150x150.jpg\" class=\"attachment-thumbnail size-thumbnail\" alt=\"Schlafzimmer 3 mit Etagenbett\" aria-describedby=\"gallery-1-253\" srcset=\"https:\/\/wanderhuette-waltersdorf.de\/wp-content\/uploads\/2017\/07\/Ferienwohnung-Schlafzimmer-2-150x150.jpg 150w, https:\/\/wanderhuette-waltersdorf.de\/wp-content\/uploads\/2017\/07\/Ferienwohnung-Schlafzimmer-2-200x200.jpg 200w\" sizes=\"auto, (max-width: 150px) 100vw, 150px\" \/><\/a>\n\t\t\t<\/dt>\n\t\t\t\t<dd class='wp-caption-text gallery-caption' id='gallery-1-253'>\n\t\t\t\tSchlafzimmer 3 mit Etagenbett\n\t\t\t\t<\/dd><\/dl><dl class='gallery-item'>\n\t\t\t<dt class='gallery-icon portrait'>\n\t\t\t\t<a href='https:\/\/wanderhuette-waltersdorf.de\/wp-content\/uploads\/2017\/07\/Ferienwohnung-Schlafzimmer-1.jpg'><img loading=\"lazy\" decoding=\"async\" width=\"150\" height=\"150\" src=\"https:\/\/wanderhuette-waltersdorf.de\/wp-content\/uploads\/2017\/07\/Ferienwohnung-Schlafzimmer-1-150x150.jpg\" class=\"attachment-thumbnail size-thumbnail\" alt=\"Schlafzimmer 4 mit Sanit\u00e4rbereich\" aria-describedby=\"gallery-1-252\" srcset=\"https:\/\/wanderhuette-waltersdorf.de\/wp-content\/uploads\/2017\/07\/Ferienwohnung-Schlafzimmer-1-150x150.jpg 150w, https:\/\/wanderhuette-waltersdorf.de\/wp-content\/uploads\/2017\/07\/Ferienwohnung-Schlafzimmer-1-200x200.jpg 200w\" sizes=\"auto, (max-width: 150px) 100vw, 150px\" \/><\/a>\n\t\t\t<\/dt>\n\t\t\t\t<dd class='wp-caption-text gallery-caption' id='gallery-1-252'>\n\t\t\t\tSchlafzimmer 4 mit Sanit\u00e4rbereich\n\t\t\t\t<\/dd><\/dl><dl class='gallery-item'>\n\t\t\t<dt class='gallery-icon portrait'>\n\t\t\t\t<a href='https:\/\/wanderhuette-waltersdorf.de\/wp-content\/uploads\/2017\/07\/Ferienwohnung-Sanit\u00e4r-2.jpg'><img loading=\"lazy\" decoding=\"async\" width=\"150\" height=\"150\" src=\"https:\/\/wanderhuette-waltersdorf.de\/wp-content\/uploads\/2017\/07\/Ferienwohnung-Sanit\u00e4r-2-150x150.jpg\" class=\"attachment-thumbnail size-thumbnail\" alt=\"Sanit\u00e4rbereiche DU\/WC\/WB\" aria-describedby=\"gallery-1-251\" srcset=\"https:\/\/wanderhuette-waltersdorf.de\/wp-content\/uploads\/2017\/07\/Ferienwohnung-Sanit\u00e4r-2-150x150.jpg 150w, https:\/\/wanderhuette-waltersdorf.de\/wp-content\/uploads\/2017\/07\/Ferienwohnung-Sanit\u00e4r-2-200x200.jpg 200w\" sizes=\"auto, (max-width: 150px) 100vw, 150px\" \/><\/a>\n\t\t\t<\/dt>\n\t\t\t\t<dd class='wp-caption-text gallery-caption' id='gallery-1-251'>\n\t\t\t\tSanit\u00e4rbereich DU\/WC\/WB \n\t\t\t\t<\/dd><\/dl><br style=\"clear: both\" \/><dl class='gallery-item'>\n\t\t\t<dt class='gallery-icon landscape'>\n\t\t\t\t<a href='https:\/\/wanderhuette-waltersdorf.de\/wp-content\/uploads\/2017\/07\/Ferienwohnung-K\u00fcche-1.-Etage.jpg'><img loading=\"lazy\" decoding=\"async\" width=\"150\" height=\"150\" src=\"https:\/\/wanderhuette-waltersdorf.de\/wp-content\/uploads\/2017\/07\/Ferienwohnung-K\u00fcche-1.-Etage-150x150.jpg\" class=\"attachment-thumbnail size-thumbnail\" alt=\"K\u00fcche im 1. Obergeschoss\" aria-describedby=\"gallery-1-250\" srcset=\"https:\/\/wanderhuette-waltersdorf.de\/wp-content\/uploads\/2017\/07\/Ferienwohnung-K\u00fcche-1.-Etage-150x150.jpg 150w, https:\/\/wanderhuette-waltersdorf.de\/wp-content\/uploads\/2017\/07\/Ferienwohnung-K\u00fcche-1.-Etage-200x200.jpg 200w\" sizes=\"auto, (max-width: 150px) 100vw, 150px\" \/><\/a>\n\t\t\t<\/dt>\n\t\t\t\t<dd class='wp-caption-text gallery-caption' id='gallery-1-250'>\n\t\t\t\tK\u00fcche im 1. Obergeschoss\n\t\t\t\t<\/dd><\/dl><dl class='gallery-item'>\n\t\t\t<dt class='gallery-icon portrait'>\n\t\t\t\t<a href='https:\/\/wanderhuette-waltersdorf.de\/wp-content\/uploads\/2017\/05\/ausblick2.jpg'><img loading=\"lazy\" decoding=\"async\" width=\"150\" height=\"150\" src=\"https:\/\/wanderhuette-waltersdorf.de\/wp-content\/uploads\/2017\/05\/ausblick2-150x150.jpg\" class=\"attachment-thumbnail size-thumbnail\" alt=\"Terasse mit Ausblick in die Rathener Felsenwelt\" aria-describedby=\"gallery-1-128\" srcset=\"https:\/\/wanderhuette-waltersdorf.de\/wp-content\/uploads\/2017\/05\/ausblick2-150x150.jpg 150w, https:\/\/wanderhuette-waltersdorf.de\/wp-content\/uploads\/2017\/05\/ausblick2-200x200.jpg 200w\" sizes=\"auto, (max-width: 150px) 100vw, 150px\" \/><\/a>\n\t\t\t<\/dt>\n\t\t\t\t<dd class='wp-caption-text gallery-caption' id='gallery-1-128'>\n\t\t\t\tTerasse mit Ausblick \nin die Rathener Felsenwelt\n\t\t\t\t<\/dd><\/dl>\n\t\t\t<br style='clear: both' \/>\n\t\t<\/div>\n\n<hr \/>\n<h3>Kosten f\u00fcr \u00dcbernachtung:<\/h3>\n<p>Der\u00a0<strong>Wochenmietpreis<\/strong> f\u00fcr diese Mieteinheit betr\u00e4gt 560,- \u20ac (inkl. MwSt.)<br \/>\n(bis 4 Personen, 7 N\u00e4chte)<\/p>\n<p>Bettw\u00e4sche, Handt\u00fccher und Endreinigung sind inklusive.<\/p>\n<p>Bei Unterbelegung und wenn Sie einen k\u00fcrzeren Aufenthalt planen, erstellen wir Ihnen ein individuelles Angebot.<br \/>\n<a href=\"https:\/\/wanderhuette-waltersdorf.de\/kontakt\/\">Fragen Sie uns <\/a>einfach!<\/p>\n<p>Die Gemeinde erhebt Kurtaxe. Diese Kosten kommen dazu.<\/p>\n","protected":false},"excerpt":{"rendered":"<p>f\u00fcr 4 Personen befindet sich im Obergescho\u00df des Haupthauses mit einem separaten Aufgang. Nichtraucherferienwohnung! Gut geeignet f\u00fcr\u00a0Familien mit Kindern, mit Wohnk\u00fcche als Aufenthaltsbereich. Die Wohnung ist\u00a0ganzj\u00e4hrig\u00a0zu mieten. Besonderes: Von der\u00a0Terrasse\u00a0genie\u00dfen Sie den Ausblick in die Rathener Felsenwelt. Feuerstelle, Liegewiese und Grillplatz befinden sich im Garten. Platz f\u00fcr spielende Kinder sowie parkende Autos auf dem Grundst\u00fcck <a class=\"more-link\" href=\"https:\/\/wanderhuette-waltersdorf.de\/cz\/kleine-ferienwohnung\/\">weiterlesen&#8230;<\/a><\/p>\n","protected":false},"author":1,"featured_media":0,"parent":0,"menu_order":0,"comment_status":"closed","ping_status":"closed","template":"","meta":{"footnotes":""},"class_list":["post-480","page","type-page","status-publish","hentry"],"translation":{"provider":"WPGlobus","version":"3.0.2","language":"cz","enabled_languages":["de","en","fr","cz"],"languages":{"de":{"title":true,"content":true,"excerpt":false},"en":{"title":false,"content":false,"excerpt":false},"fr":{"title":false,"content":false,"excerpt":false},"cz":{"title":false,"content":false,"excerpt":false}}},"_links":{"self":[{"href":"https:\/\/wanderhuette-waltersdorf.de\/cz\/wp-json\/wp\/v2\/pages\/480","targetHints":{"allow":["GET"]}}],"collection":[{"href":"https:\/\/wanderhuette-waltersdorf.de\/cz\/wp-json\/wp\/v2\/pages"}],"about":[{"href":"https:\/\/wanderhuette-waltersdorf.de\/cz\/wp-json\/wp\/v2\/types\/page"}],"author":[{"embeddable":true,"href":"https:\/\/wanderhuette-waltersdorf.de\/cz\/wp-json\/wp\/v2\/users\/1"}],"replies":[{"embeddable":true,"href":"https:\/\/wanderhuette-waltersdorf.de\/cz\/wp-json\/wp\/v2\/comments?post=480"}],"version-history":[{"count":11,"href":"https:\/\/wanderhuette-waltersdorf.de\/cz\/wp-json\/wp\/v2\/pages\/480\/revisions"}],"predecessor-version":[{"id":20353,"href":"https:\/\/wanderhuette-waltersdorf.de\/cz\/wp-json\/wp\/v2\/pages\/480\/revisions\/20353"}],"wp:attachment":[{"href":"https:\/\/wanderhuette-waltersdorf.de\/cz\/wp-json\/wp\/v2\/media?parent=480"}],"curies":[{"name":"wp","href":"https:\/\/api.w.org\/{rel}","templated":true}]}}