{"id":28,"date":"2017-05-25T15:32:15","date_gmt":"2017-05-25T13:32:15","guid":{"rendered":"https:\/\/wanderhuette-waltersdorf.de\/?page_id=28"},"modified":"2022-03-08T16:46:23","modified_gmt":"2022-03-08T15:46:23","slug":"doppelzimmer","status":"publish","type":"page","link":"https:\/\/wanderhuette-waltersdorf.de\/cz\/doppelzimmer\/","title":{"rendered":"2 Doppelzimmer"},"content":{"rendered":"<p>Die Doppelzimmer sind f\u00fcr jeweils 2 Personen im Obergescho\u00df des Haupthauses mit einem separaten Aufgang, als <strong>Nichtraucherzimmer <\/strong><strong>ganzj\u00e4hrig <\/strong>zu mieten.<\/p>\n<p>F\u00fcr Selbstversorger ist die Nutzung von K\u00fcche und Partyraum m\u00f6glich.<\/p>\n<p>Von der <strong>Terrasse<\/strong> genie\u00dfen Sie den Ausblick in die Rathener Felsenwelt.<\/p>\n<p>Feuerstelle, Liegewiese und Grillplatz im Garten<br \/>\nPlatz f\u00fcr parkende Autos auf dem Grundst\u00fcck<\/p>\n<p>In <strong>Kombination<\/strong> mit Ihrem Doppelzimmer k\u00f6nnen Sie die <a href=\"https:\/\/wanderhuette-waltersdorf.de\/kleine-ferienwohnung\/\">kleine Ferienwohnung<\/a> mieten, sofern diese zum gleichen Zeitpunkt nicht belegt ist.<\/p>\n\n\t\t<style type=\"text\/css\">\n\t\t\t#gallery-1 {\n\t\t\t\tmargin: auto;\n\t\t\t}\n\t\t\t#gallery-1 .gallery-item {\n\t\t\t\tfloat: left;\n\t\t\t\tmargin-top: 10px;\n\t\t\t\ttext-align: center;\n\t\t\t\twidth: 20%;\n\t\t\t}\n\t\t\t#gallery-1 img {\n\t\t\t\tborder: 2px solid #cfcfcf;\n\t\t\t}\n\t\t\t#gallery-1 .gallery-caption {\n\t\t\t\tmargin-left: 0;\n\t\t\t}\n\t\t\t\/* see gallery_shortcode() in wp-includes\/media.php *\/\n\t\t<\/style>\n\t\t<div id='gallery-1' class='gallery galleryid-28 gallery-columns-5 gallery-size-thumbnail'><dl class='gallery-item'>\n\t\t\t<dt class='gallery-icon portrait'>\n\t\t\t\t<a href='https:\/\/wanderhuette-waltersdorf.de\/wp-content\/uploads\/2017\/07\/Herz\u00b4lzimmer-2.jpg'><img loading=\"lazy\" decoding=\"async\" width=\"150\" height=\"150\" src=\"https:\/\/wanderhuette-waltersdorf.de\/wp-content\/uploads\/2017\/07\/Herz\u00b4lzimmer-2-150x150.jpg\" class=\"attachment-thumbnail size-thumbnail\" alt=\"Herz\u00b4lzimmer\" aria-describedby=\"gallery-1-268\" srcset=\"https:\/\/wanderhuette-waltersdorf.de\/wp-content\/uploads\/2017\/07\/Herz\u00b4lzimmer-2-150x150.jpg 150w, https:\/\/wanderhuette-waltersdorf.de\/wp-content\/uploads\/2017\/07\/Herz\u00b4lzimmer-2-200x200.jpg 200w\" sizes=\"auto, (max-width: 150px) 100vw, 150px\" \/><\/a>\n\t\t\t<\/dt>\n\t\t\t\t<dd class='wp-caption-text gallery-caption' id='gallery-1-268'>\n\t\t\t\tHerz\u00b4lzimmer\n\t\t\t\t<\/dd><\/dl><dl class='gallery-item'>\n\t\t\t<dt class='gallery-icon portrait'>\n\t\t\t\t<a href='https:\/\/wanderhuette-waltersdorf.de\/wp-content\/uploads\/2017\/07\/Himmelbettzimmer-2.jpg'><img loading=\"lazy\" decoding=\"async\" width=\"150\" height=\"150\" src=\"https:\/\/wanderhuette-waltersdorf.de\/wp-content\/uploads\/2017\/07\/Himmelbettzimmer-2-150x150.jpg\" class=\"attachment-thumbnail size-thumbnail\" alt=\"Himmelbettzimmer\" aria-describedby=\"gallery-1-271\" srcset=\"https:\/\/wanderhuette-waltersdorf.de\/wp-content\/uploads\/2017\/07\/Himmelbettzimmer-2-150x150.jpg 150w, https:\/\/wanderhuette-waltersdorf.de\/wp-content\/uploads\/2017\/07\/Himmelbettzimmer-2-200x200.jpg 200w\" sizes=\"auto, (max-width: 150px) 100vw, 150px\" \/><\/a>\n\t\t\t<\/dt>\n\t\t\t\t<dd class='wp-caption-text gallery-caption' id='gallery-1-271'>\n\t\t\t\tHimmelbettzimmer\n\t\t\t\t<\/dd><\/dl><dl class='gallery-item'>\n\t\t\t<dt class='gallery-icon portrait'>\n\t\t\t\t<a href='https:\/\/wanderhuette-waltersdorf.de\/wp-content\/uploads\/2017\/05\/ausblick2.jpg'><img loading=\"lazy\" decoding=\"async\" width=\"150\" height=\"150\" src=\"https:\/\/wanderhuette-waltersdorf.de\/wp-content\/uploads\/2017\/05\/ausblick2-150x150.jpg\" class=\"attachment-thumbnail size-thumbnail\" alt=\"Terasse mit Ausblick in die Rathener Felsenwelt\" aria-describedby=\"gallery-1-128\" srcset=\"https:\/\/wanderhuette-waltersdorf.de\/wp-content\/uploads\/2017\/05\/ausblick2-150x150.jpg 150w, https:\/\/wanderhuette-waltersdorf.de\/wp-content\/uploads\/2017\/05\/ausblick2-200x200.jpg 200w\" sizes=\"auto, (max-width: 150px) 100vw, 150px\" \/><\/a>\n\t\t\t<\/dt>\n\t\t\t\t<dd class='wp-caption-text gallery-caption' id='gallery-1-128'>\n\t\t\t\tTerasse mit Ausblick \nin die Rathener Felsenwelt\n\t\t\t\t<\/dd><\/dl><dl class='gallery-item'>\n\t\t\t<dt class='gallery-icon landscape'>\n\t\t\t\t<a href='https:\/\/wanderhuette-waltersdorf.de\/wp-content\/uploads\/2017\/06\/Partyraum-K\u00fcche-1.jpg'><img loading=\"lazy\" decoding=\"async\" width=\"150\" height=\"150\" src=\"https:\/\/wanderhuette-waltersdorf.de\/wp-content\/uploads\/2017\/06\/Partyraum-K\u00fcche-1-150x150.jpg\" class=\"attachment-thumbnail size-thumbnail\" alt=\"Gro\u00dfe K\u00fcche\" aria-describedby=\"gallery-1-205\" srcset=\"https:\/\/wanderhuette-waltersdorf.de\/wp-content\/uploads\/2017\/06\/Partyraum-K\u00fcche-1-150x150.jpg 150w, https:\/\/wanderhuette-waltersdorf.de\/wp-content\/uploads\/2017\/06\/Partyraum-K\u00fcche-1-200x200.jpg 200w\" sizes=\"auto, (max-width: 150px) 100vw, 150px\" \/><\/a>\n\t\t\t<\/dt>\n\t\t\t\t<dd class='wp-caption-text gallery-caption' id='gallery-1-205'>\n\t\t\t\tK\u00fcche im Partyraum\n\t\t\t\t<\/dd><\/dl><dl class='gallery-item'>\n\t\t\t<dt class='gallery-icon landscape'>\n\t\t\t\t<a href='https:\/\/wanderhuette-waltersdorf.de\/wp-content\/uploads\/2017\/06\/Partyraum-1.jpg'><img loading=\"lazy\" decoding=\"async\" width=\"150\" height=\"150\" src=\"https:\/\/wanderhuette-waltersdorf.de\/wp-content\/uploads\/2017\/06\/Partyraum-1-150x150.jpg\" class=\"attachment-thumbnail size-thumbnail\" alt=\"Gastraum f\u00fcr Veranstaltungen etc\" aria-describedby=\"gallery-1-201\" srcset=\"https:\/\/wanderhuette-waltersdorf.de\/wp-content\/uploads\/2017\/06\/Partyraum-1-150x150.jpg 150w, https:\/\/wanderhuette-waltersdorf.de\/wp-content\/uploads\/2017\/06\/Partyraum-1-200x200.jpg 200w\" sizes=\"auto, (max-width: 150px) 100vw, 150px\" \/><\/a>\n\t\t\t<\/dt>\n\t\t\t\t<dd class='wp-caption-text gallery-caption' id='gallery-1-201'>\n\t\t\t\tGastraum f\u00fcr Veranstaltungen etc\n\t\t\t\t<\/dd><\/dl><br style=\"clear: both\" \/>\n\t\t<\/div>\n\n<hr \/>\n<h3><span class=\"letter1\">Ausstattung:<\/span><\/h3>\n<ul>\n<li><strong>Doppelbett <\/strong>f\u00fcr 2 Personen<\/li>\n<li>als Himmelbett oder mit roten Herzen, besonders romantisch f\u00fcr Hochzeitstage<\/li>\n<li>inklusive einer Sanit\u00e4rzelle mit DU\/WC\/Waschbecken<\/li>\n<li>Zimmer mit Sat. \u2013 TV &#8211; Anschluss<\/li>\n<li>Zentralheizung\/ganzj\u00e4hrig warm<\/li>\n<\/ul>\n<hr \/>\n<h3><span class=\"letter1\">Kosten f\u00fcr \u00dcbernachtung:<\/span><\/h3>\n<p>Der <strong>Wochenmietpreis<\/strong> f\u00fcr diese Mieteinheit betr\u00e4gt 308,- \u20ac (inkl. MwSt.)<\/p>\n<p>(bis 2 Personen, 7 N\u00e4chte)<\/p>\n<p>Bettw\u00e4sche, Handt\u00fccher und Endreinigung sind inklusive.<\/p>\n<p>Die Gemeinde erhebt Kurtaxe. Diese Kosten kommen dazu.<\/p>\n<p>Wenn Sie einen k\u00fcrzeren Aufenthalt planen, erstellen wir Ihnen ein individuelles Angebot.<\/p>\n<p><a href=\"https:\/\/wanderhuette-waltersdorf.de\/kontakt\/\">Fragen Sie uns<\/a> einfach!<\/p>\n","protected":false},"excerpt":{"rendered":"<p>Die Doppelzimmer sind f\u00fcr jeweils 2 Personen im Obergescho\u00df des Haupthauses mit einem separaten Aufgang, als Nichtraucherzimmer ganzj\u00e4hrig zu mieten. F\u00fcr Selbstversorger ist die Nutzung von K\u00fcche und Partyraum m\u00f6glich. Von der Terrasse genie\u00dfen Sie den Ausblick in die Rathener Felsenwelt. Feuerstelle, Liegewiese und Grillplatz im Garten Platz f\u00fcr parkende Autos auf dem Grundst\u00fcck In <a class=\"more-link\" href=\"https:\/\/wanderhuette-waltersdorf.de\/cz\/doppelzimmer\/\">weiterlesen&#8230;<\/a><\/p>\n","protected":false},"author":1,"featured_media":271,"parent":0,"menu_order":0,"comment_status":"closed","ping_status":"closed","template":"","meta":{"footnotes":""},"class_list":["post-28","page","type-page","status-publish","has-post-thumbnail","hentry"],"translation":{"provider":"WPGlobus","version":"3.0.2","language":"cz","enabled_languages":["de","en","fr","cz"],"languages":{"de":{"title":true,"content":true,"excerpt":false},"en":{"title":false,"content":false,"excerpt":false},"fr":{"title":false,"content":false,"excerpt":false},"cz":{"title":false,"content":false,"excerpt":false}}},"_links":{"self":[{"href":"https:\/\/wanderhuette-waltersdorf.de\/cz\/wp-json\/wp\/v2\/pages\/28","targetHints":{"allow":["GET"]}}],"collection":[{"href":"https:\/\/wanderhuette-waltersdorf.de\/cz\/wp-json\/wp\/v2\/pages"}],"about":[{"href":"https:\/\/wanderhuette-waltersdorf.de\/cz\/wp-json\/wp\/v2\/types\/page"}],"author":[{"embeddable":true,"href":"https:\/\/wanderhuette-waltersdorf.de\/cz\/wp-json\/wp\/v2\/users\/1"}],"replies":[{"embeddable":true,"href":"https:\/\/wanderhuette-waltersdorf.de\/cz\/wp-json\/wp\/v2\/comments?post=28"}],"version-history":[{"count":26,"href":"https:\/\/wanderhuette-waltersdorf.de\/cz\/wp-json\/wp\/v2\/pages\/28\/revisions"}],"predecessor-version":[{"id":1173,"href":"https:\/\/wanderhuette-waltersdorf.de\/cz\/wp-json\/wp\/v2\/pages\/28\/revisions\/1173"}],"wp:featuredmedia":[{"embeddable":true,"href":"https:\/\/wanderhuette-waltersdorf.de\/cz\/wp-json\/wp\/v2\/media\/271"}],"wp:attachment":[{"href":"https:\/\/wanderhuette-waltersdorf.de\/cz\/wp-json\/wp\/v2\/media?parent=28"}],"curies":[{"name":"wp","href":"https:\/\/api.w.org\/{rel}","templated":true}]}}