{"id":151,"date":"2017-06-27T20:59:38","date_gmt":"2017-06-27T18:59:38","guid":{"rendered":"https:\/\/wanderhuette-waltersdorf.de\/?page_id=151"},"modified":"2017-08-04T09:28:30","modified_gmt":"2017-08-04T07:28:30","slug":"schlechtwetter-varianten","status":"publish","type":"page","link":"https:\/\/wanderhuette-waltersdorf.de\/cz\/schlechtwetter-varianten\/","title":{"rendered":"Schlechtwetter-Varianten"},"content":{"rendered":"<p>Auch bei Schlechtwetter kann man viele sch\u00f6ne Dinge unternehmen!<\/p>\n<h3>Trotzdem aktiv sein<\/h3>\n<ul>\n<li>Hochseilgarten indoor-outside in K\u00f6nigstein<\/li>\n<li>Schaubergwerk<\/li>\n<li>Nationalparkzentrum in Bad Schandau<\/li>\n<li>Porzellanmanufaktur in Meissen, Gr\u00fcnes Gew\u00f6lbe in Dresden o.a. Museen<\/li>\n<\/ul>\n<h4>Burgen-und Schl\u00f6sser-Tag, z.B.<\/h4>\n<ul>\n<li>Schlo\u00df Weesenstein,<\/li>\n<li>Burg Stolpen,<\/li>\n<li>Festung K\u00f6nigstein,<\/li>\n<li>Burg Hohnstein<\/li>\n<\/ul>\n<hr \/>\n<h3>Wellness &amp; Entspannung<\/h3>\n<ul>\n<li>Toskana-Therme in Bad Schandau<\/li>\n<li>Monte Mare in Neustadt<\/li>\n<li>Dr. Petzold in Sebnitz<\/li>\n<li>Geibeltbad in Pirna Taijiquan-Kurs in Bad Schandau mit Anmeldung\/ Anfrage<br \/>\n<a href=\"http:\/\/www.taijiquan-saechsische-schweiz.de\/\" target=\"_blank\" rel=\"noopener\">www.taijiquan-saechsische-schweiz.de<\/a><\/li>\n<\/ul>\n<h4>Malkurse<\/h4>\n<p>Malkurs bei Kathrin Protze<br \/>\n<a href=\"http:\/\/www.protzetour.de\/\" target=\"_blank\" rel=\"noopener\">www.protzetour.de<\/a><\/p>\n<h4>Weinverkostung<\/h4>\n<p>Weinverkostung in Pillnitz oder Schlo\u00df Wackerbarth in Radebeul<br \/>\n<a href=\"http:\/\/www.schloss-wackerbarth.de\/\" target=\"_blank\" rel=\"noopener\">www.schloss-wackerbarth.de<\/a><\/p>\n","protected":false},"excerpt":{"rendered":"<p>Auch bei Schlechtwetter kann man viele sch\u00f6ne Dinge unternehmen! Trotzdem aktiv sein Hochseilgarten indoor-outside in K\u00f6nigstein Schaubergwerk Nationalparkzentrum in Bad Schandau Porzellanmanufaktur in Meissen, Gr\u00fcnes Gew\u00f6lbe in Dresden o.a. Museen Burgen-und Schl\u00f6sser-Tag, z.B. Schlo\u00df Weesenstein, Burg Stolpen, Festung K\u00f6nigstein, Burg Hohnstein Wellness &amp; Entspannung Toskana-Therme in Bad Schandau Monte Mare in Neustadt Dr. Petzold in <a class=\"more-link\" href=\"https:\/\/wanderhuette-waltersdorf.de\/cz\/schlechtwetter-varianten\/\">weiterlesen&#8230;<\/a><\/p>\n","protected":false},"author":1,"featured_media":0,"parent":0,"menu_order":0,"comment_status":"closed","ping_status":"closed","template":"","meta":{"footnotes":""},"class_list":["post-151","page","type-page","status-publish","hentry"],"translation":{"provider":"WPGlobus","version":"3.0.2","language":"cz","enabled_languages":["de","en","fr","cz"],"languages":{"de":{"title":true,"content":true,"excerpt":false},"en":{"title":false,"content":false,"excerpt":false},"fr":{"title":false,"content":false,"excerpt":false},"cz":{"title":false,"content":false,"excerpt":false}}},"_links":{"self":[{"href":"https:\/\/wanderhuette-waltersdorf.de\/cz\/wp-json\/wp\/v2\/pages\/151","targetHints":{"allow":["GET"]}}],"collection":[{"href":"https:\/\/wanderhuette-waltersdorf.de\/cz\/wp-json\/wp\/v2\/pages"}],"about":[{"href":"https:\/\/wanderhuette-waltersdorf.de\/cz\/wp-json\/wp\/v2\/types\/page"}],"author":[{"embeddable":true,"href":"https:\/\/wanderhuette-waltersdorf.de\/cz\/wp-json\/wp\/v2\/users\/1"}],"replies":[{"embeddable":true,"href":"https:\/\/wanderhuette-waltersdorf.de\/cz\/wp-json\/wp\/v2\/comments?post=151"}],"version-history":[{"count":3,"href":"https:\/\/wanderhuette-waltersdorf.de\/cz\/wp-json\/wp\/v2\/pages\/151\/revisions"}],"predecessor-version":[{"id":379,"href":"https:\/\/wanderhuette-waltersdorf.de\/cz\/wp-json\/wp\/v2\/pages\/151\/revisions\/379"}],"wp:attachment":[{"href":"https:\/\/wanderhuette-waltersdorf.de\/cz\/wp-json\/wp\/v2\/media?parent=151"}],"curies":[{"name":"wp","href":"https:\/\/api.w.org\/{rel}","templated":true}]}}