{"id":145,"date":"2017-06-27T20:58:42","date_gmt":"2017-06-27T18:58:42","guid":{"rendered":"https:\/\/wanderhuette-waltersdorf.de\/?page_id=145"},"modified":"2017-08-07T08:43:24","modified_gmt":"2017-08-07T06:43:24","slug":"radtouren-und-elbe","status":"publish","type":"page","link":"https:\/\/wanderhuette-waltersdorf.de\/cz\/radtouren-und-elbe\/","title":{"rendered":"Radtouren und Elbe"},"content":{"rendered":"<p>G\u00f6nnen Sie Ihrem Auto eine Pause, die Wanderwege beginnen vor der Haust\u00fcr! Waltersdorf ist ein Zentraler Ausgangspunkt zum Wandern, Klettern und Rad fahren, zwischen der ber\u00fchmten Bastei und dem Lilienstein gelegen.<\/p>\n<hr \/>\n<h3>Radfahren<\/h3>\n<p><strong>Radwandern an der Elbe<\/strong>, ein beliebter Radwanderweg!<br \/>\nDas landschaftlich attraktivste, abwechslungsreichste Teilst\u00fcck des beliebten, ca. 1100 km langen Elberadweg f\u00fchrt durch das Elbsandsteingebirge. Kein Radwanderer sollte sich diesen sch\u00f6nen Abschnitt entgehen lassen.<br \/>\nBis nach Waltersdorf sind es nur ein paar H\u00f6henmeter, daf\u00fcr rollt man am n\u00e4chsten Tag zur Weiterfahrt wieder hinab.<\/p>\n<p><strong>Radwege<\/strong>, ein gutes Netz im Gebirge und wir mittendrin<br \/>\nIm Umkreis von ca. 25 km sind mit Fahrrad viele Ausflugsziele erreichbar. Im Elbsandsteingebirge wurde Radwege ausgebaut und besonders gekennzeichnet. Oder auch auf dem Rennrad oder mit dem Mountainbike er\u00f6ffnen sich Touren mit allen Facetten. Gutes Kartenmaterial ist erh\u00e4ltlich&#8230;<br \/>\nSch\u00f6n ist auch die kurze Anbindung an tschechisches Gebiet.<\/p>\n<h4>Informationen auch unter:<\/h4>\n<p><a href=\"http:\/\/www.elberadweg.de\/\" target=\"_blank\" rel=\"noopener\">www.elberadweg.de<\/a><\/p>\n<p><a href=\"http:\/\/www.saechsische-schweiz-barrierefrei.de\/\" target=\"_blank\" rel=\"noopener\">www.saechsische-schweiz-barrierefrei.de<\/a><\/p>\n<h4>Fahrradverleih:<\/h4>\n<p>Auto-Mischner-Prossen, Gr\u00fcndelweg 12, 01814 Prossen<br \/>\nTel. 035022 43307<\/p>\n<p>Fahrrad-Strohbach, Poststrasse 14, 01814 Bad Schandau<br \/>\nTel. 035022 42883<\/p>\n<hr \/>\n<h3>ELBE<\/h3>\n<p><strong>Raddampferflotte<\/strong>, die \u00e4lteste und gr\u00f6\u00dfte der Welt<br \/>\nverbindet Dresden und die S\u00e4chsische Schweiz. Neun verschiedene, historisch rekonstruierte Seitenraddampfer mit originalen Dampfmaschinen laden ein, das Gebirge nostalgisch auf dem Schiff zu durchqueren.<br \/>\n<a href=\"http:\/\/www.saechsische-dampfschiffahrt.de\/\" target=\"_blank\" rel=\"noopener\">www.saechsische-dampfschiffahrt.de<\/a><\/p>\n<p><strong>Bootstouren und Kanus<\/strong> f\u00fcr Anf\u00e4nger, Fortgeschrittene&#8230;<br \/>\nEs gibt es Ausleihm\u00f6glichkeiten in allen gr\u00f6\u00dferen Orten wie Wehlen, Rathen, K\u00f6nigstein, Schmilka.<br \/>\nMan kann sich z.B. gem\u00fctlich oder sportlich von Schmilka nach Pillnitz oder weiter nach Dresden bewegen&#8230;<\/p>\n<p>Informationen z.B. <a href=\"http:\/\/www.kanu-aktiv-tours.de\/\" target=\"_blank\" rel=\"noopener\">www.kanu-aktiv-tours.de<\/a><\/p>\n<p>&nbsp;<\/p>\n<div id=\"attachment_280\" style=\"width: 310px\" class=\"wp-caption aligncenter\"><a href=\"https:\/\/wanderhuette-waltersdorf.de\/wp-content\/uploads\/2017\/07\/Mei\u00dfen.jpg\"><img loading=\"lazy\" decoding=\"async\" aria-describedby=\"caption-attachment-280\" class=\"size-medium wp-image-280\" src=\"https:\/\/wanderhuette-waltersdorf.de\/wp-content\/uploads\/2017\/07\/Mei\u00dfen-300x224.jpg\" alt=\"Albrechtsburg in Mei\u00dfen\" width=\"300\" height=\"224\" srcset=\"https:\/\/wanderhuette-waltersdorf.de\/wp-content\/uploads\/2017\/07\/Mei\u00dfen-300x224.jpg 300w, https:\/\/wanderhuette-waltersdorf.de\/wp-content\/uploads\/2017\/07\/Mei\u00dfen-768x575.jpg 768w, https:\/\/wanderhuette-waltersdorf.de\/wp-content\/uploads\/2017\/07\/Mei\u00dfen-1024x766.jpg 1024w\" sizes=\"auto, (max-width: 300px) 100vw, 300px\" \/><\/a><p id=\"caption-attachment-280\" class=\"wp-caption-text\">Albrechtsburg in Mei\u00dfen<\/p><\/div>\n","protected":false},"excerpt":{"rendered":"<p>G\u00f6nnen Sie Ihrem Auto eine Pause, die Wanderwege beginnen vor der Haust\u00fcr! Waltersdorf ist ein Zentraler Ausgangspunkt zum Wandern, Klettern und Rad fahren, zwischen der ber\u00fchmten Bastei und dem Lilienstein gelegen. Radfahren Radwandern an der Elbe, ein beliebter Radwanderweg! Das landschaftlich attraktivste, abwechslungsreichste Teilst\u00fcck des beliebten, ca. 1100 km langen Elberadweg f\u00fchrt durch das Elbsandsteingebirge. <a class=\"more-link\" href=\"https:\/\/wanderhuette-waltersdorf.de\/cz\/radtouren-und-elbe\/\">weiterlesen&#8230;<\/a><\/p>\n","protected":false},"author":1,"featured_media":0,"parent":0,"menu_order":0,"comment_status":"closed","ping_status":"closed","template":"","meta":{"footnotes":""},"class_list":["post-145","page","type-page","status-publish","hentry"],"translation":{"provider":"WPGlobus","version":"3.0.2","language":"cz","enabled_languages":["de","en","fr","cz"],"languages":{"de":{"title":true,"content":true,"excerpt":false},"en":{"title":false,"content":false,"excerpt":false},"fr":{"title":false,"content":false,"excerpt":false},"cz":{"title":false,"content":false,"excerpt":false}}},"_links":{"self":[{"href":"https:\/\/wanderhuette-waltersdorf.de\/cz\/wp-json\/wp\/v2\/pages\/145","targetHints":{"allow":["GET"]}}],"collection":[{"href":"https:\/\/wanderhuette-waltersdorf.de\/cz\/wp-json\/wp\/v2\/pages"}],"about":[{"href":"https:\/\/wanderhuette-waltersdorf.de\/cz\/wp-json\/wp\/v2\/types\/page"}],"author":[{"embeddable":true,"href":"https:\/\/wanderhuette-waltersdorf.de\/cz\/wp-json\/wp\/v2\/users\/1"}],"replies":[{"embeddable":true,"href":"https:\/\/wanderhuette-waltersdorf.de\/cz\/wp-json\/wp\/v2\/comments?post=145"}],"version-history":[{"count":4,"href":"https:\/\/wanderhuette-waltersdorf.de\/cz\/wp-json\/wp\/v2\/pages\/145\/revisions"}],"predecessor-version":[{"id":769,"href":"https:\/\/wanderhuette-waltersdorf.de\/cz\/wp-json\/wp\/v2\/pages\/145\/revisions\/769"}],"wp:attachment":[{"href":"https:\/\/wanderhuette-waltersdorf.de\/cz\/wp-json\/wp\/v2\/media?parent=145"}],"curies":[{"name":"wp","href":"https:\/\/api.w.org\/{rel}","templated":true}]}}