{"id":142,"date":"2017-06-27T20:57:43","date_gmt":"2017-06-27T18:57:43","guid":{"rendered":"https:\/\/wanderhuette-waltersdorf.de\/?page_id=142"},"modified":"2022-02-08T10:51:51","modified_gmt":"2022-02-08T09:51:51","slug":"wandern-und-klettern","status":"publish","type":"page","link":"https:\/\/wanderhuette-waltersdorf.de\/cz\/wandern-und-klettern\/","title":{"rendered":"Wandern und Klettern"},"content":{"rendered":"<p>G\u00f6nnen Sie Ihrem Auto eine Pause, die Wanderwege beginnen vor der Haust\u00fcr! Im Umkreis von ca. 25 km sind viele Ausflugsziele erreichbar. Waltersdorf ist ein Zentraler Ausgangspunkt zum Wandern, Klettern und Radfahren, zwischen der ber\u00fchmten Bastei und dem Lilienstein gelegen.<\/p>\n<p>F\u00fcr G\u00e4ste, welche (barrierefrei) mit Rollstuhl oder Kinderwagen unterwegs sind, gibt es auch geeignete Wege.<br \/>\nInformationen auch unter: <a href=\"http:\/\/www.saechsische-schweiz-barrierefrei.de\/\" target=\"_blank\" rel=\"noopener noreferrer\">www.saechsische-schweiz-barrierefrei.de<\/a><\/p>\n<hr \/>\n<h3>Wanderwege und Ziele<\/h3>\n<p><strong>Elbsandsteingebirge<\/strong>, eine romantische Landschaft<br \/>\nDas Elbsandsteingebirge mit tiefen Schluchten, skurrilen Felst\u00fcrmen, gro\u00dfen Tafelbergen, und das Elbtal zieht jeden in seinen Bann. Es setzt sich auf tschechischer Seite fort. Der \u00fcberwiegende Teil wurde als Nationalpark erkl\u00e4rt.<\/p>\n<p><strong>Malerweg<\/strong>, eine traditionsreiche Wanderroute<br \/>\nDer Malerweg ist ganz nah, die Standpunkte und Sichtweisen der Maler der Romantik gut nachvollziehbar. Er folgt den Spuren ber\u00fchmter K\u00fcnstler wie C.D.Friedrich, C.G.Carus, Ludwig Richter, und f\u00fchrt zu den Orten, an denen sie sich zu weltbekannten Werken inspirieren lie\u00dfen. Den Wanderer erwarten atemberaubende Ausblicke und unersch\u00f6pflich viele romantische Landschaftseindr\u00fccke. <a href=\"http:\/\/www.malerweg.de\/\" target=\"_blank\" rel=\"noopener noreferrer\">www.malerweg.de<\/a><\/p>\n<p><strong>Wanderkarten<\/strong><br \/>\nvon Rolf B\u00f6hm &#8211; handgezeichnet &#8211; k\u00f6nnen Sie bei uns zum Ladenpreis erwerben. <a href=\"http:\/\/www.boehmwanderkarten.de\/\" target=\"_blank\" rel=\"noopener noreferrer\">www.boehmwanderkarten.de<\/a><\/p>\n<p><strong>Wissenswertes<\/strong><br \/>\nViele Namen von Tafelbergen oder Felsen deuten auf deren Form:<br \/>\nGans, Lokomotive, Zirkelstein, Talw\u00e4chter oder Kaiserkrone<\/p>\n<hr \/>\n<h3>Felsklettern<\/h3>\n<p>In unmittelbarer N\u00e4he befinden sich viele lohnende Wander-und Kletterziele. Rathener Felsenwelt, Brandgebiet und Lilienstein bieten Kletterwege aller Schwierigkeiten. Dies gilt auch f\u00fcr die Klettergebiete auf b\u00f6hmischer Seite. Bitte informieren Sie sich \u00fcber gebietsspezifische Besonderheiten. Wir beraten und unterst\u00fctzen Sie gern.<\/p>\n<p>Kletterkurse unter professioneller Anleitung werden im Nachbarort Porschdorf angeboten unter:<\/p>\n<p>www.kletterschule-lilienstein.de<\/p>\n<p>Es gibt zahlreiche Klettergebiete und Gipfel in der S\u00e4chsichen Schweiz.<br \/>\n<strong>Gebiets-Kletterf\u00fchrer und Kompaktkletterf\u00fchrer<\/strong> f\u00fcr das Elbsandsteingebirge sind regional erh\u00e4ltlich. Die Schwierigkeitsgrade sind sehr Ernst zu nehmen. Die Sicherungs-Ringe sind im S\u00e4chsichen Fels teilweise sparsam verwendet worden. Nur wer die Kletter- und Sicherungstechniken wirklich beherrscht, kann in die Wand einsteigen.<\/p>\n<p>Detaillierte Informationen sind auch im Internet zu finden, z.B.<\/p>\n<p><a href=\"http:\/\/www.bergsteigerbund.de\/\" target=\"_blank\" rel=\"noopener noreferrer\">S\u00e4chsischer Bergsteigerbund<\/a><\/p>\n<p><a href=\"http:\/\/www.boehmische-schweiz.de\/\" target=\"_blank\" rel=\"noopener noreferrer\">www.boehmische-schweiz.de<\/a><\/p>\n<p><a href=\"http:\/\/www.buschfunk.biz\/\" target=\"_blank\" rel=\"noopener noreferrer\">www.buschfunk.biz<\/a><\/p>\n<p><a href=\"http:\/\/www.teufelsturm.de\/\" target=\"_blank\" rel=\"noopener noreferrer\">www.teufelsturm.de<\/a><\/p>\n<hr \/>\n<h3>Wissenswertes<\/h3>\n<p>Viele Namen von Tafelbergen oder Felsen deuten auf deren Form:<br \/>\nGans, Lokomotive, Zirkelstein, Talw\u00e4chter, Kaiserkrone, Brandscheibe<\/p>\n<h4>Sage um die Barbarine am Pfaffenstein (Quelle: Wikipedia)<\/h4>\n<p class=\"untertitel\">Der Sage nach ist die Barbarine eine versteinerte Jungfrau, das immerw\u00e4hrende Mahnmal eines Strafgerichts, nach welchem es geschehen seyn soll, da\u00df eine Mutter ihre Tochter Sonntags habe hei\u00dfen in die Kirche gehen, die Tochter aber sey w\u00e4hrender Kirche auf den Pfaffstein in die Heydelbeere gegangen, und als sie die Mutter daselbst angetroffen, habe sie die Tochter im Zorn verw\u00fcnschet, da\u00df sie m\u00fcsse auf der Stelle zum Stein werden; worauf solches augenblicklich also geschehen, und daher diese zum Stein gewordene Jungfer auf immer allhier stehe, und mit ihrem Steinbilde alle ungehorsame Kinder warne.<\/p>\n\n\t\t<style type=\"text\/css\">\n\t\t\t#gallery-1 {\n\t\t\t\tmargin: auto;\n\t\t\t}\n\t\t\t#gallery-1 .gallery-item {\n\t\t\t\tfloat: left;\n\t\t\t\tmargin-top: 10px;\n\t\t\t\ttext-align: center;\n\t\t\t\twidth: 25%;\n\t\t\t}\n\t\t\t#gallery-1 img {\n\t\t\t\tborder: 2px solid #cfcfcf;\n\t\t\t}\n\t\t\t#gallery-1 .gallery-caption {\n\t\t\t\tmargin-left: 0;\n\t\t\t}\n\t\t\t\/* see gallery_shortcode() in wp-includes\/media.php *\/\n\t\t<\/style>\n\t\t<div id='gallery-1' class='gallery galleryid-142 gallery-columns-4 gallery-size-thumbnail'><dl class='gallery-item'>\n\t\t\t<dt class='gallery-icon portrait'>\n\t\t\t\t<a href='https:\/\/wanderhuette-waltersdorf.de\/wp-content\/uploads\/2017\/07\/M\u00f6nch.jpg'><img loading=\"lazy\" decoding=\"async\" width=\"150\" height=\"150\" src=\"https:\/\/wanderhuette-waltersdorf.de\/wp-content\/uploads\/2017\/07\/M\u00f6nch-150x150.jpg\" class=\"attachment-thumbnail size-thumbnail\" alt=\"Kletterfels &quot;M\u00f6nch&quot; im Gebiet von Rathen\" aria-describedby=\"gallery-1-281\" srcset=\"https:\/\/wanderhuette-waltersdorf.de\/wp-content\/uploads\/2017\/07\/M\u00f6nch-150x150.jpg 150w, https:\/\/wanderhuette-waltersdorf.de\/wp-content\/uploads\/2017\/07\/M\u00f6nch-200x200.jpg 200w\" sizes=\"auto, (max-width: 150px) 100vw, 150px\" \/><\/a>\n\t\t\t<\/dt>\n\t\t\t\t<dd class='wp-caption-text gallery-caption' id='gallery-1-281'>\n\t\t\t\tKletterfels &#8220;M\u00f6nch&#8221; im Gebiet von Rathen\n\t\t\t\t<\/dd><\/dl><dl class='gallery-item'>\n\t\t\t<dt class='gallery-icon portrait'>\n\t\t\t\t<a href='https:\/\/wanderhuette-waltersdorf.de\/wp-content\/uploads\/2017\/07\/Labyrint.jpg'><img loading=\"lazy\" decoding=\"async\" width=\"150\" height=\"150\" src=\"https:\/\/wanderhuette-waltersdorf.de\/wp-content\/uploads\/2017\/07\/Labyrint-150x150.jpg\" class=\"attachment-thumbnail size-thumbnail\" alt=\"Im &quot;Labyrinth&quot; von Langenhennersdorf\" aria-describedby=\"gallery-1-276\" srcset=\"https:\/\/wanderhuette-waltersdorf.de\/wp-content\/uploads\/2017\/07\/Labyrint-150x150.jpg 150w, https:\/\/wanderhuette-waltersdorf.de\/wp-content\/uploads\/2017\/07\/Labyrint-200x200.jpg 200w\" sizes=\"auto, (max-width: 150px) 100vw, 150px\" \/><\/a>\n\t\t\t<\/dt>\n\t\t\t\t<dd class='wp-caption-text gallery-caption' id='gallery-1-276'>\n\t\t\t\tIm &#8220;Labyrinth&#8221; von Langenhennersdorf\n\t\t\t\t<\/dd><\/dl><dl class='gallery-item'>\n\t\t\t<dt class='gallery-icon portrait'>\n\t\t\t\t<a href='https:\/\/wanderhuette-waltersdorf.de\/wp-content\/uploads\/2017\/07\/Kinderklettern.jpg'><img loading=\"lazy\" decoding=\"async\" width=\"150\" height=\"150\" src=\"https:\/\/wanderhuette-waltersdorf.de\/wp-content\/uploads\/2017\/07\/Kinderklettern-150x150.jpg\" class=\"attachment-thumbnail size-thumbnail\" alt=\"Kleine Leute - hoch hinaus\" aria-describedby=\"gallery-1-275\" srcset=\"https:\/\/wanderhuette-waltersdorf.de\/wp-content\/uploads\/2017\/07\/Kinderklettern-150x150.jpg 150w, https:\/\/wanderhuette-waltersdorf.de\/wp-content\/uploads\/2017\/07\/Kinderklettern-200x200.jpg 200w\" sizes=\"auto, (max-width: 150px) 100vw, 150px\" \/><\/a>\n\t\t\t<\/dt>\n\t\t\t\t<dd class='wp-caption-text gallery-caption' id='gallery-1-275'>\n\t\t\t\tKleine Leute &#8211; hoch hinaus\n\t\t\t\t<\/dd><\/dl><dl class='gallery-item'>\n\t\t\t<dt class='gallery-icon landscape'>\n\t\t\t\t<a href='https:\/\/wanderhuette-waltersdorf.de\/wp-content\/uploads\/2017\/07\/Herbst-7.jpg'><img loading=\"lazy\" decoding=\"async\" width=\"150\" height=\"150\" src=\"https:\/\/wanderhuette-waltersdorf.de\/wp-content\/uploads\/2017\/07\/Herbst-7-150x150.jpg\" class=\"attachment-thumbnail size-thumbnail\" alt=\"Herbststimmung am Lilienstein\" aria-describedby=\"gallery-1-265\" srcset=\"https:\/\/wanderhuette-waltersdorf.de\/wp-content\/uploads\/2017\/07\/Herbst-7-150x150.jpg 150w, https:\/\/wanderhuette-waltersdorf.de\/wp-content\/uploads\/2017\/07\/Herbst-7-200x200.jpg 200w\" sizes=\"auto, (max-width: 150px) 100vw, 150px\" \/><\/a>\n\t\t\t<\/dt>\n\t\t\t\t<dd class='wp-caption-text gallery-caption' id='gallery-1-265'>\n\t\t\t\tHerbststimmung am Lilienstein\n\t\t\t\t<\/dd><\/dl><br style=\"clear: both\" \/><dl class='gallery-item'>\n\t\t\t<dt class='gallery-icon landscape'>\n\t\t\t\t<a href='https:\/\/wanderhuette-waltersdorf.de\/wp-content\/uploads\/2017\/07\/Herbst-6.jpg'><img loading=\"lazy\" decoding=\"async\" width=\"150\" height=\"150\" src=\"https:\/\/wanderhuette-waltersdorf.de\/wp-content\/uploads\/2017\/07\/Herbst-6-150x150.jpg\" class=\"attachment-thumbnail size-thumbnail\" alt=\"Herbststimmung am Lilienstein\" aria-describedby=\"gallery-1-264\" srcset=\"https:\/\/wanderhuette-waltersdorf.de\/wp-content\/uploads\/2017\/07\/Herbst-6-150x150.jpg 150w, https:\/\/wanderhuette-waltersdorf.de\/wp-content\/uploads\/2017\/07\/Herbst-6-200x200.jpg 200w\" sizes=\"auto, (max-width: 150px) 100vw, 150px\" \/><\/a>\n\t\t\t<\/dt>\n\t\t\t\t<dd class='wp-caption-text gallery-caption' id='gallery-1-264'>\n\t\t\t\tHerbststimmung am Lilienstein\n\t\t\t\t<\/dd><\/dl><dl class='gallery-item'>\n\t\t\t<dt class='gallery-icon landscape'>\n\t\t\t\t<a href='https:\/\/wanderhuette-waltersdorf.de\/wp-content\/uploads\/2017\/07\/Herbst-3.jpg'><img loading=\"lazy\" decoding=\"async\" width=\"150\" height=\"150\" src=\"https:\/\/wanderhuette-waltersdorf.de\/wp-content\/uploads\/2017\/07\/Herbst-3-150x150.jpg\" class=\"attachment-thumbnail size-thumbnail\" alt=\"\" aria-describedby=\"gallery-1-261\" srcset=\"https:\/\/wanderhuette-waltersdorf.de\/wp-content\/uploads\/2017\/07\/Herbst-3-150x150.jpg 150w, https:\/\/wanderhuette-waltersdorf.de\/wp-content\/uploads\/2017\/07\/Herbst-3-200x200.jpg 200w\" sizes=\"auto, (max-width: 150px) 100vw, 150px\" \/><\/a>\n\t\t\t<\/dt>\n\t\t\t\t<dd class='wp-caption-text gallery-caption' id='gallery-1-261'>\n\t\t\t\tHerbststimmung am Lilienstein\n\t\t\t\t<\/dd><\/dl><dl class='gallery-item'>\n\t\t\t<dt class='gallery-icon landscape'>\n\t\t\t\t<a href='https:\/\/wanderhuette-waltersdorf.de\/wp-content\/uploads\/2017\/07\/Herbst-5.jpg'><img loading=\"lazy\" decoding=\"async\" width=\"150\" height=\"150\" src=\"https:\/\/wanderhuette-waltersdorf.de\/wp-content\/uploads\/2017\/07\/Herbst-5-150x150.jpg\" class=\"attachment-thumbnail size-thumbnail\" alt=\"Herbststimmung am Lilienstein\" aria-describedby=\"gallery-1-263\" srcset=\"https:\/\/wanderhuette-waltersdorf.de\/wp-content\/uploads\/2017\/07\/Herbst-5-150x150.jpg 150w, https:\/\/wanderhuette-waltersdorf.de\/wp-content\/uploads\/2017\/07\/Herbst-5-200x200.jpg 200w\" sizes=\"auto, (max-width: 150px) 100vw, 150px\" \/><\/a>\n\t\t\t<\/dt>\n\t\t\t\t<dd class='wp-caption-text gallery-caption' id='gallery-1-263'>\n\t\t\t\tHerbststimmung am Lilienstein\n\t\t\t\t<\/dd><\/dl><dl class='gallery-item'>\n\t\t\t<dt class='gallery-icon landscape'>\n\t\t\t\t<a href='https:\/\/wanderhuette-waltersdorf.de\/wp-content\/uploads\/2017\/07\/Herbst-2.jpg'><img loading=\"lazy\" decoding=\"async\" width=\"150\" height=\"150\" src=\"https:\/\/wanderhuette-waltersdorf.de\/wp-content\/uploads\/2017\/07\/Herbst-2-150x150.jpg\" class=\"attachment-thumbnail size-thumbnail\" alt=\"Herbststimmung am Lilienstein\" aria-describedby=\"gallery-1-260\" srcset=\"https:\/\/wanderhuette-waltersdorf.de\/wp-content\/uploads\/2017\/07\/Herbst-2-150x150.jpg 150w, https:\/\/wanderhuette-waltersdorf.de\/wp-content\/uploads\/2017\/07\/Herbst-2-200x200.jpg 200w\" sizes=\"auto, (max-width: 150px) 100vw, 150px\" \/><\/a>\n\t\t\t<\/dt>\n\t\t\t\t<dd class='wp-caption-text gallery-caption' id='gallery-1-260'>\n\t\t\t\tHerbststimmung am Lilienstein\n\t\t\t\t<\/dd><\/dl><br style=\"clear: both\" \/><dl class='gallery-item'>\n\t\t\t<dt class='gallery-icon landscape'>\n\t\t\t\t<a href='https:\/\/wanderhuette-waltersdorf.de\/wp-content\/uploads\/2017\/07\/Herbst-1.jpg'><img loading=\"lazy\" decoding=\"async\" width=\"150\" height=\"150\" src=\"https:\/\/wanderhuette-waltersdorf.de\/wp-content\/uploads\/2017\/07\/Herbst-1-150x150.jpg\" class=\"attachment-thumbnail size-thumbnail\" alt=\"Mitten in den Wolken\" aria-describedby=\"gallery-1-259\" srcset=\"https:\/\/wanderhuette-waltersdorf.de\/wp-content\/uploads\/2017\/07\/Herbst-1-150x150.jpg 150w, https:\/\/wanderhuette-waltersdorf.de\/wp-content\/uploads\/2017\/07\/Herbst-1-200x200.jpg 200w\" sizes=\"auto, (max-width: 150px) 100vw, 150px\" \/><\/a>\n\t\t\t<\/dt>\n\t\t\t\t<dd class='wp-caption-text gallery-caption' id='gallery-1-259'>\n\t\t\t\tMitten in den Wolken\n\t\t\t\t<\/dd><\/dl><dl class='gallery-item'>\n\t\t\t<dt class='gallery-icon landscape'>\n\t\t\t\t<a href='https:\/\/wanderhuette-waltersdorf.de\/wp-content\/uploads\/2017\/07\/Familienwandertag-e1644313425298.jpg'><img loading=\"lazy\" decoding=\"async\" width=\"150\" height=\"150\" src=\"https:\/\/wanderhuette-waltersdorf.de\/wp-content\/uploads\/2017\/07\/Familienwandertag-e1644313425298-150x150.jpg\" class=\"attachment-thumbnail size-thumbnail\" alt=\"Elbe und Rathener Felsenwelt sind ganz nah!\" aria-describedby=\"gallery-1-233\" srcset=\"https:\/\/wanderhuette-waltersdorf.de\/wp-content\/uploads\/2017\/07\/Familienwandertag-e1644313425298-150x150.jpg 150w, https:\/\/wanderhuette-waltersdorf.de\/wp-content\/uploads\/2017\/07\/Familienwandertag-e1644313425298-200x200.jpg 200w\" sizes=\"auto, (max-width: 150px) 100vw, 150px\" \/><\/a>\n\t\t\t<\/dt>\n\t\t\t\t<dd class='wp-caption-text gallery-caption' id='gallery-1-233'>\n\t\t\t\tElbe und Rathener Felsenwelt sind ganz nah!\n\t\t\t\t<\/dd><\/dl>\n\t\t\t<br style='clear: both' \/>\n\t\t<\/div>\n\n","protected":false},"excerpt":{"rendered":"<p>G\u00f6nnen Sie Ihrem Auto eine Pause, die Wanderwege beginnen vor der Haust\u00fcr! Im Umkreis von ca. 25 km sind viele Ausflugsziele erreichbar. Waltersdorf ist ein Zentraler Ausgangspunkt zum Wandern, Klettern und Radfahren, zwischen der ber\u00fchmten Bastei und dem Lilienstein gelegen. F\u00fcr G\u00e4ste, welche (barrierefrei) mit Rollstuhl oder Kinderwagen unterwegs sind, gibt es auch geeignete Wege. <a class=\"more-link\" href=\"https:\/\/wanderhuette-waltersdorf.de\/cz\/wandern-und-klettern\/\">weiterlesen&#8230;<\/a><\/p>\n","protected":false},"author":1,"featured_media":0,"parent":0,"menu_order":0,"comment_status":"closed","ping_status":"closed","template":"","meta":{"footnotes":""},"class_list":["post-142","page","type-page","status-publish","hentry"],"translation":{"provider":"WPGlobus","version":"3.0.2","language":"cz","enabled_languages":["de","en","fr","cz"],"languages":{"de":{"title":true,"content":true,"excerpt":false},"en":{"title":false,"content":false,"excerpt":false},"fr":{"title":false,"content":false,"excerpt":false},"cz":{"title":false,"content":false,"excerpt":false}}},"_links":{"self":[{"href":"https:\/\/wanderhuette-waltersdorf.de\/cz\/wp-json\/wp\/v2\/pages\/142","targetHints":{"allow":["GET"]}}],"collection":[{"href":"https:\/\/wanderhuette-waltersdorf.de\/cz\/wp-json\/wp\/v2\/pages"}],"about":[{"href":"https:\/\/wanderhuette-waltersdorf.de\/cz\/wp-json\/wp\/v2\/types\/page"}],"author":[{"embeddable":true,"href":"https:\/\/wanderhuette-waltersdorf.de\/cz\/wp-json\/wp\/v2\/users\/1"}],"replies":[{"embeddable":true,"href":"https:\/\/wanderhuette-waltersdorf.de\/cz\/wp-json\/wp\/v2\/comments?post=142"}],"version-history":[{"count":5,"href":"https:\/\/wanderhuette-waltersdorf.de\/cz\/wp-json\/wp\/v2\/pages\/142\/revisions"}],"predecessor-version":[{"id":1150,"href":"https:\/\/wanderhuette-waltersdorf.de\/cz\/wp-json\/wp\/v2\/pages\/142\/revisions\/1150"}],"wp:attachment":[{"href":"https:\/\/wanderhuette-waltersdorf.de\/cz\/wp-json\/wp\/v2\/media?parent=142"}],"curies":[{"name":"wp","href":"https:\/\/api.w.org\/{rel}","templated":true}]}}